{"id":3297,"date":"2022-11-03T15:21:06","date_gmt":"2022-11-03T15:21:06","guid":{"rendered":"https:\/\/pp8.kluczbork.pl\/?page_id=3297"},"modified":"2022-11-03T15:21:06","modified_gmt":"2022-11-03T15:21:06","slug":"oplaty","status":"publish","type":"page","link":"https:\/\/pp8.kluczbork.pl\/?page_id=3297","title":{"rendered":"Op\u0142aty"},"content":{"rendered":"<p><strong>KONTO \u2013 OP\u0141ATY ZA PRZEDSZKOLE:<\/strong><\/p>\n<div class=\"dd-article\">\n<p><strong>23 1240 3464 1111 0010 7747 3526<\/strong><\/p>\n<p>\u2026\u2026\u2026\u2026\u2026\u2026\u2026\u2026\u2026\u2026\u2026\u2026\u2026\u2026\u2026\u2026\u2026\u2026\u2026\u2026\u2026\u2026\u2026\u2026\u2026\u2026\u2026\u2026\u2026\u2026.<\/p>\n<p><strong>KONTO \u2013 OP\u0141ATY NA RAD\u0118 RODZIC\u00d3W:<\/strong><\/p>\n<p><strong>97 1240 1662 1111 0010 8744 5520<\/strong><\/p>\n<\/div>\n","protected":false},"excerpt":{"rendered":"<p>KONTO \u2013 OP\u0141ATY ZA PRZEDSZKOLE: 23 1240 3464 1111 0010 7747 3526 \u2026\u2026\u2026\u2026\u2026\u2026\u2026\u2026\u2026\u2026\u2026\u2026\u2026\u2026\u2026\u2026\u2026\u2026\u2026\u2026\u2026\u2026\u2026\u2026\u2026\u2026\u2026\u2026\u2026\u2026. KONTO \u2013 OP\u0141ATY NA RAD\u0118 RODZIC\u00d3W: 97 1240 1662 1111 0010 8744 5520<\/p>\n","protected":false},"author":15,"featured_media":0,"parent":0,"menu_order":0,"comment_status":"closed","ping_status":"closed","template":"","meta":{"ngg_post_thumbnail":0,"footnotes":""},"_links":{"self":[{"href":"https:\/\/pp8.kluczbork.pl\/index.php?rest_route=\/wp\/v2\/pages\/3297"}],"collection":[{"href":"https:\/\/pp8.kluczbork.pl\/index.php?rest_route=\/wp\/v2\/pages"}],"about":[{"href":"https:\/\/pp8.kluczbork.pl\/index.php?rest_route=\/wp\/v2\/types\/page"}],"author":[{"embeddable":true,"href":"https:\/\/pp8.kluczbork.pl\/index.php?rest_route=\/wp\/v2\/users\/15"}],"replies":[{"embeddable":true,"href":"https:\/\/pp8.kluczbork.pl\/index.php?rest_route=%2Fwp%2Fv2%2Fcomments&post=3297"}],"version-history":[{"count":1,"href":"https:\/\/pp8.kluczbork.pl\/index.php?rest_route=\/wp\/v2\/pages\/3297\/revisions"}],"predecessor-version":[{"id":3298,"href":"https:\/\/pp8.kluczbork.pl\/index.php?rest_route=\/wp\/v2\/pages\/3297\/revisions\/3298"}],"wp:attachment":[{"href":"https:\/\/pp8.kluczbork.pl\/index.php?rest_route=%2Fwp%2Fv2%2Fmedia&parent=3297"}],"curies":[{"name":"wp","href":"https:\/\/api.w.org\/{rel}","templated":true}]}}