{"id":2250,"date":"2022-04-13T12:13:53","date_gmt":"2022-04-13T12:13:53","guid":{"rendered":"https:\/\/pp8.kluczbork.pl\/?page_id=2250"},"modified":"2023-04-06T17:00:55","modified_gmt":"2023-04-06T17:00:55","slug":"nasze-publikacje","status":"publish","type":"page","link":"https:\/\/pp8.kluczbork.pl\/?page_id=2250","title":{"rendered":"Nasze Publikacje"},"content":{"rendered":"<h2 style=\"text-align: center;\">Nasze Publikacje<\/h2>\n<p style=\"text-align: center;\" align=\"center\"><a href=\"https:\/\/www.lulek.tv\/\">https:\/\/www.lulek.tv\/<\/a><\/p>\n<p style=\"text-align: center;\" align=\"center\">Mo\u017cna si\u0119 tu nauczy\u0107 liczy\u0107, czyta\u0107, pisa\u0107, okre\u015bla\u0107 nazwy miesi\u0119cy czy poznawa\u0107 godziny na zegarze. Pokazujemy dzieciom nuty, pomagamy zapami\u0119ta\u0107 numery alarmowe, czy pierwsze s\u0142owa w j\u0119zyku angielskim. Zach\u0119camy do czytania ksi\u0105\u017cek, rysowania na kartce, \u015bpiewania. Przekonujemy, \u017ce warto my\u0107 z\u0119by, a mycie g\u0142owy wcale nie jest takie straszne.<\/p>\n<p style=\"text-align: center;\" align=\"center\"><a href=\"https:\/\/ciufcia.pl\/\">https:\/\/ciufcia.pl\/<\/a><\/p>\n<p style=\"text-align: center;\" align=\"center\">&nbsp; Strona zawiera darmowe gry flash dla dzieci w wieku od 4-6 lat.<\/p>\n<p style=\"text-align: center;\" align=\"center\"><a href=\"http:\/\/www.buliba.pl\/\">http:\/\/www.buliba.pl<\/a><\/p>\n<p style=\"text-align: center;\" align=\"center\">Warto\u015bciowe, edukacyjne gry dla dzieci<\/p>\n<p style=\"text-align: center;\" align=\"center\"><a href=\"http:\/\/www.dla-dzieci.com.pl\/\">http:\/\/www.dla-dzieci.com.pl<\/a><\/p>\n<p style=\"text-align: center;\" align=\"center\">Strona adresowana do dzieci, zawiera \u0142amig\u0142\u00f3wki, kolorowanki, gry edukacyjne.<\/p>\n<p style=\"text-align: center;\" align=\"center\"><a href=\"http:\/\/www.domowyprzedszkolak.pl\/\">http:\/\/www.domowyprzedszkolak.pl<\/a><\/p>\n<p style=\"text-align: center;\" align=\"center\">To bogata baza materia\u0142\u00f3w dla rodzic\u00f3w,&nbsp;kt\u00f3re pomog\u0105&nbsp;w zorganizowaniu zaj\u0119\u0107 w domu.<\/p>\n<p style=\"text-align: center;\" align=\"center\"><a href=\"http:\/\/www.opiekun.pl\/strony-dla-dzieci.php\">http:\/\/www.opiekun.pl\/strony-dla-dzieci.php<\/a><\/p>\n<p style=\"text-align: center;\" align=\"center\">Dzieci\u0119ce gry i zabawy<\/p>\n<p style=\"text-align: center;\" align=\"center\"><a href=\"http:\/\/www.superkid.pl\/jezyk-angielski\">http:\/\/www.superkid.pl\/jezyk-angielski<\/a><\/p>\n<p style=\"text-align: center;\" align=\"center\">Materia\u0142y do nauki j\u0119zyka angielskiego dla dzieci \u2013 s\u0142\u00f3wka z wymow\u0105, u\u0142o\u017cone tematycznie<\/p>\n<p style=\"text-align: center;\" align=\"center\">zosiaikevin.pl<\/p>\n<p style=\"text-align: center;\" align=\"center\">Gra rozwijaj\u0105ca u dzieci znajomo\u015b\u0107 j\u0119zyka angielskiego<\/p>\n<p style=\"text-align: center;\" align=\"center\"><a href=\"https:\/\/babadum.com\/\">https:\/\/babadum.com<\/a><\/p>\n<p style=\"text-align: center;\" align=\"center\">Materia\u0142y do nauki j\u0119zyka angielskiego dla dzieci<\/p>\n<p style=\"text-align: center;\" align=\"center\">https:\/\/www.youtube.com\/watch?v=EawOBwgrF_<\/p>\n<p style=\"text-align: center;\" align=\"center\">Piosenki dla dzieci.<\/p>\n<p style=\"text-align: center;\" align=\"center\">Przygotowa\u0142a naucz. Agnieszka Herbe\u0107<\/p>\n<h2 style=\"text-align: center;\">BEZPIECZE\u0143STWO<\/h2>\n<p style=\"text-align: center;\"><a href=\"https:\/\/www.pp8.kluczbork.pl\/Obrazki\/2017-2018\/bezpieczny.pdf\" target=\"_blank\" rel=\"noopener\"><strong>BEZPIECZE\u0143STWO W PRZEDSZKOLU I POZA NIM<\/strong><\/a><\/p>\n<p style=\"text-align: center;\"><strong>Bezpiecze\u0144stwo i zdrowie dziecka<\/strong><\/p>\n<p style=\"text-align: center;\">jest bardzo wa\u017cn\u0105 spraw\u0105.<\/p>\n<p style=\"text-align: center;\">a czuwanie nad nim nale\u017cy do wszystkich doros\u0142ych.<\/p>\n<p style=\"text-align: center;\">W przedszkolu to podstawowe zadanie dla nauczycieli,<\/p>\n<p style=\"text-align: center;\">opiekun\u00f3w&nbsp; oraz innych pracownik\u00f3w przedszkola<\/p>\n<p style=\"text-align: center;\">na terenie przedszkola jak i poza nim.&nbsp;<\/p>\n<p style=\"text-align: center;\">Czytaj wi\u0119cej<a href=\"https:\/\/www.pp8.kluczbork.pl\/Obrazki\/2017-2018\/bezpieczny.pdf\" target=\"_blank\" rel=\"noopener\"><strong>BEZPIECZE\u0143STWO W PRZEDSZKOLU I POZA NIM<\/strong><\/a><\/p>\n<h2 style=\"text-align: center;\">Bezpieczne Przedszkole<\/h2>\n<p style=\"text-align: center;\">W tym roku szkolnym nasze przedszkole przyst\u0105pi\u0142o<\/p>\n<p style=\"text-align: center;\">do og\u00f3lnopolskiego programu&nbsp;&nbsp;<strong>&#8222;Bezpieczne Przedszkole&#8221;.<\/strong><\/p>\n<p style=\"text-align: center;\">Naszym celem jest dbanie o bezpiecze\u0144stwo dzieci,<\/p>\n<p style=\"text-align: center;\">kszta\u0142towanie \u015bwiadomo\u015bci zagro\u017ce\u0144<\/p>\n<p style=\"text-align: center;\">i niebezpiecze\u0144stw czyhaj\u0105cych na co dzie\u0144 wok\u00f3\u0142 dziecka,<\/p>\n<p style=\"text-align: center;\">pobudzenie czujno\u015bci oraz rozwijanie umiej\u0119tno\u015bci<\/p>\n<p style=\"text-align: center;\">w\u0142a\u015bciwego zachowania si\u0119 dzieci w&nbsp;momentach niebezpiecznych<\/p>\n<p style=\"text-align: center;\">dla zdrowia lub \u017cycia.<\/p>\n<p style=\"text-align: center;\">Staramy si\u0119 o otrzymanie&nbsp;<strong>Certyfikatu &#8222;Bezpiecznego Przedszkola&#8221;,<\/strong><\/p>\n<p style=\"text-align: center;\">gdy\u017c zdrowie i bezpiecze\u0144stwo<\/p>\n<p style=\"text-align: center;\">naszych podopiecznych jest naszym priorytetem.<\/p>\n<p style=\"text-align: center;\"><a href=\"https:\/\/www.pp8.kluczbork.pl\/Obrazki\/2016-2017\/Pazdziernik\/Bezpieczne%20przedszkole.pdf\" target=\"_blank\" rel=\"noopener\">Czytaj wi\u0119cej<\/a><\/p>\n<h2 style=\"text-align: center;\">Mamo, Tato wol\u0119 wod\u0119<\/h2>\n<p style=\"text-align: center;\"><a href=\"https:\/\/www.pp8.kluczbork.pl\/Obrazki\/2015-2016\/Czerwiec\/Asia\/woda%20raport.pdf\" target=\"_blank\" rel=\"noopener\"><strong>Raport z realizacji programu edukacyjnego<\/strong><\/a><\/p>\n<p style=\"text-align: center;\"><a href=\"https:\/\/www.pp8.kluczbork.pl\/Obrazki\/2015-2016\/Czerwiec\/Asia\/woda%20raport.pdf\" target=\"_blank\" rel=\"noopener\"><strong>,,Mamo, tato, wol\u0119 wod\u0119!\u201d<\/strong><\/a><\/p>\n<h2 style=\"text-align: center;\">Bezpieczne wakacje<\/h2>\n<p style=\"text-align: center;\"><strong>Szanowni Pa\u0144stwo<\/strong><\/p>\n<p style=\"text-align: center;\"><strong>Rodzice, Opiekunowie Prawni,&nbsp;<\/strong><strong>Wychowankowie<\/strong><\/p>\n<p style=\"text-align: center;\">Maj\u0105c na uwadze miniony rok szkolny zadbajmy wsp\u00f3lnie<\/p>\n<p style=\"text-align: center;\">o bezpieczny wypoczynek dzieci podczas wakacji,<\/p>\n<p style=\"text-align: center;\">kt\u00f3re dla przedszkolak\u00f3w&nbsp; powinny by\u0107 czasem relaksu, odpr\u0119\u017cenia, zabawy<\/p>\n<p style=\"text-align: center;\">i rado\u015bci. Podczas trwania wakacyjnego wypoczynku nie mo\u017cemy jednak zapomnie\u0107<\/p>\n<p style=\"text-align: center;\">o bezpiecze\u0144stwie dzieci.<\/p>\n<p style=\"text-align: center;\"><a href=\"https:\/\/www.pp8.kluczbork.pl\/Obrazki\/2014-2015\/Czerwiec\/WAKACJE\/Bezpieczne.pdf\" target=\"_blank\" rel=\"noopener\">Czytaj wi\u0119cej<\/a><\/p>\n<p style=\"text-align: center;\">Przydatne linki:<\/p>\n<p><a title=\"http:\/\/wakacjebezalkoholu.pl\/\" href=\"http:\/\/wakacjebezalkoholu.pl\/\" target=\"_blank\" rel=\"noopener\">http:\/\/wakacjebezalkoholu.pl\/<\/a><a href=\"http:\/\/www.bezpiecznewakacje.pl\/\">http:\/\/www.bezpiecznewakacje.pl\/<\/a>&nbsp;<a href=\"http:\/\/www.psp2.kluczbork.pl\/2014\/bezpieczne_wakacje\/bezpieczne_wakacje1.jpg\" target=\"_blank\" rel=\"noopener\"><img loading=\"lazy\" decoding=\"async\" src=\"https:\/\/www.pp8.kluczbork.pl\/images\/bezpieczne_wakacje11.jpg\" alt=\"\" width=\"303\" height=\"220\"><\/a>&nbsp; &nbsp; &nbsp;<a href=\"http:\/\/www.psp2.kluczbork.pl\/2014\/bezpieczne_wakacje\/bezpieczne_wakacje2.jpg\" target=\"_blank\" rel=\"noopener\"><img loading=\"lazy\" decoding=\"async\" src=\"https:\/\/www.pp8.kluczbork.pl\/images\/bezpieczne_wakacje2.jpg\" alt=\"\" width=\"298\" height=\"217\"><\/a><\/p>\n<h2 style=\"text-align: center;\">Nauka J\u0119zyka Obcego<\/h2>\n<p style=\"text-align: center;\">Rozpocz\u0119cie&nbsp;<strong>nauki j\u0119zyka obcego we wczesnym wieku<\/strong><\/p>\n<p style=\"text-align: center;\">nie tylko daje mo\u017cliwo\u015b\u0107 solidnego opanowania podstaw j\u0119zyka,<\/p>\n<p style=\"text-align: center;\">ale i otwiera mo\u017cliwo\u015bci \u201enaturalnego\u201d przyswajania j\u0119zyka obcego<\/p>\n<p style=\"text-align: center;\">w spos\u00f3b podobny do j\u0119zyka ojczystego.<\/p>\n<p style=\"text-align: center;\"><a href=\"https:\/\/www.pp8.kluczbork.pl\/Obrazki\/2014-2015\/Maj\/Publikacje\/Angielski\/angielski.pdf\" target=\"_blank\" rel=\"noopener\">Czytaj: angielski.pdf<\/a><\/p>\n<h2 style=\"text-align: center;\">ZDROWIE DZIECKA<\/h2>\n<p style=\"text-align: center;\">Na og\u00f3lny rozw\u00f3j dziecka wp\u0142ywa wiele czynnik\u00f3w:<\/p>\n<p style=\"text-align: center;\">czynniki genetyczne, \u015brodowiskowe, styl \u017cycia, aktywno\u015b\u0107 w\u0142asna.<\/p>\n<p style=\"text-align: center;\">Najwi\u0119kszy wp\u0142yw na rozw\u00f3j dziecka maj\u0105 warunki, w jakich ono \u017cyje.&nbsp;<\/p>\n<p style=\"text-align: center;\">Przede wszystkim: ruch, higiena i zdrowe od\u017cywianie.<\/p>\n<p style=\"text-align: center;\" align=\"center\"><strong>&nbsp;Czytaj:<\/strong>&nbsp;<a href=\"https:\/\/www.pp8.kluczbork.pl\/Obrazki\/2014-2015\/Maj\/Publikacje\/Zdrowie\/Zdrowie%20Dziecka.pdf\" target=\"_blank\" rel=\"noopener\"><strong>EDUKACJA ZDROWOTNA&nbsp;w przedszkolu&nbsp;<\/strong><strong>&#8211; sposobem na zdrowy styl \u017cycia<\/strong><\/a><\/p>\n<h2 style=\"text-align: center;\">WARTO\u015a\u0106 CZYTANIA<\/h2>\n<p style=\"text-align: center;\"><strong>G\u0142o\u015bne czytanie rozwija j\u0119zyk, pami\u0119\u0107 i wyobra\u017ani\u0119!<\/strong><\/p>\n<p style=\"text-align: center;\">Dzieci ucz\u0105 si\u0119 j\u0119zyka, s\u0142ownictwa i struktur gramatycznych<\/p>\n<p style=\"text-align: center;\">przez s\u0142uchanie naszej mowy.<\/p>\n<p style=\"text-align: center;\">S\u0142uchanie czytanej przez nas literatury dzieci\u0119cej,<\/p>\n<p style=\"text-align: center;\">zapewnia im dost\u0119p do nieznanego \u015bwiata poj\u0119\u0107 i s\u0142\u00f3w.<\/p>\n<p style=\"text-align: center;\">Dziecko s\u0142uchaj\u0105c bogatego i pi\u0119knego j\u0119zyka<\/p>\n<p style=\"text-align: center;\">powoli uczy si\u0119 go rozumie\u0107 (znajomo\u015b\u0107 bierna),<\/p>\n<p style=\"text-align: center;\">a nast\u0119pnie u\u017cywa\u0107 (czynne opanowanie s\u0142ownictwa).&nbsp;<\/p>\n<p style=\"text-align: center;\"><strong>Czytaj:<\/strong>&nbsp;<a href=\"https:\/\/www.pp8.kluczbork.pl\/Obrazki\/2014-2015\/Maj\/Publikacje\/Czytanie\/czytanie.pdf\" target=\"_blank\" rel=\"noopener\"><strong>WARTO\u015a\u0106 CZYTANIA<\/strong>&nbsp;<\/a><\/p>\n<p align=\"center\">&nbsp;<\/p>\n","protected":false},"excerpt":{"rendered":"<p>Nasze Publikacje https:\/\/www.lulek.tv\/ Mo\u017cna si\u0119 tu nauczy\u0107 liczy\u0107, czyta\u0107, pisa\u0107, okre\u015bla\u0107 nazwy miesi\u0119cy czy poznawa\u0107 godziny na zegarze. Pokazujemy dzieciom nuty, pomagamy zapami\u0119ta\u0107 numery alarmowe, czy pierwsze s\u0142owa w j\u0119zyku angielskim. Zach\u0119camy do czytania ksi\u0105\u017cek, rysowania na kartce, \u015bpiewania. Przekonujemy, \u017ce warto my\u0107 z\u0119by, a mycie g\u0142owy wcale nie jest [&hellip;]<\/p>\n","protected":false},"author":1,"featured_media":0,"parent":2202,"menu_order":0,"comment_status":"closed","ping_status":"closed","template":"","meta":{"ngg_post_thumbnail":0,"footnotes":""},"_links":{"self":[{"href":"https:\/\/pp8.kluczbork.pl\/index.php?rest_route=\/wp\/v2\/pages\/2250"}],"collection":[{"href":"https:\/\/pp8.kluczbork.pl\/index.php?rest_route=\/wp\/v2\/pages"}],"about":[{"href":"https:\/\/pp8.kluczbork.pl\/index.php?rest_route=\/wp\/v2\/types\/page"}],"author":[{"embeddable":true,"href":"https:\/\/pp8.kluczbork.pl\/index.php?rest_route=\/wp\/v2\/users\/1"}],"replies":[{"embeddable":true,"href":"https:\/\/pp8.kluczbork.pl\/index.php?rest_route=%2Fwp%2Fv2%2Fcomments&post=2250"}],"version-history":[{"count":6,"href":"https:\/\/pp8.kluczbork.pl\/index.php?rest_route=\/wp\/v2\/pages\/2250\/revisions"}],"predecessor-version":[{"id":4022,"href":"https:\/\/pp8.kluczbork.pl\/index.php?rest_route=\/wp\/v2\/pages\/2250\/revisions\/4022"}],"up":[{"embeddable":true,"href":"https:\/\/pp8.kluczbork.pl\/index.php?rest_route=\/wp\/v2\/pages\/2202"}],"wp:attachment":[{"href":"https:\/\/pp8.kluczbork.pl\/index.php?rest_route=%2Fwp%2Fv2%2Fmedia&parent=2250"}],"curies":[{"name":"wp","href":"https:\/\/api.w.org\/{rel}","templated":true}]}}