{"id":2197,"date":"2022-04-13T11:54:25","date_gmt":"2022-04-13T11:54:25","guid":{"rendered":"https:\/\/pp8.kluczbork.pl\/?page_id=2197"},"modified":"2022-04-13T11:54:58","modified_gmt":"2022-04-13T11:54:58","slug":"kolko-czytelnicze","status":"publish","type":"page","link":"https:\/\/pp8.kluczbork.pl\/?page_id=2197","title":{"rendered":"K\u00f3\u0142ko Czytelnicze"},"content":{"rendered":"\t\t<div data-elementor-type=\"wp-page\" data-elementor-id=\"2197\" class=\"elementor elementor-2197\" data-elementor-settings=\"[]\">\n\t\t\t\t\t\t\t<div class=\"elementor-section-wrap\">\n\t\t\t\t\t\t\t<section class=\"elementor-section elementor-top-section elementor-element elementor-element-3823bc6 elementor-section-boxed elementor-section-height-default elementor-section-height-default\" data-id=\"3823bc6\" data-element_type=\"section\">\n\t\t\t\t\t\t<div class=\"elementor-container elementor-column-gap-default\">\n\t\t\t\t\t<div class=\"elementor-column elementor-col-100 elementor-top-column elementor-element elementor-element-2ed9c28\" data-id=\"2ed9c28\" data-element_type=\"column\">\n\t\t\t<div class=\"elementor-widget-wrap elementor-element-populated\">\n\t\t\t\t\t\t\t\t<div class=\"elementor-element elementor-element-9c72311 elementor-widget elementor-widget-text-editor\" data-id=\"9c72311\" data-element_type=\"widget\" data-widget_type=\"text-editor.default\">\n\t\t\t\t<div class=\"elementor-widget-container\">\n\t\t\t\t\t\t\t\t<article class=\"dd-post\"><div class=\"dd-postcontent clearfix\"><h2 class=\"dd-postheader\"><span class=\"dd-postheadericon\">Klub Czytaj\u0105cego Rodzica<\/span><\/h2><div class=\"dd-postheadericons dd-metadata-icons\">\u00a0<\/div><div class=\"dd-postcontent clearfix\"><div class=\"dd-article\"><p>W ramach kampanii\u00a0<strong>&#8222;Ca\u0142a Polska czyta dzieciom&#8221;<\/strong>,<\/p><p>w naszym przedszkolu propagujemy i realizujemy<\/p><p>jej dzia\u0142ania poprzez codzienne czytanie dzieciom<\/p><p>w poobiedniem odpoczynku.<\/p><p>Do wsp\u00f3lnego czytania r\u00f3wnie\u017c zapraszamy Rodzic\u00f3w<\/p><p>i inne zaproszone osoby.<\/p><p>\u00a0<\/p><p><a href=\"https:\/\/www.pp8.kluczbork.pl\/index.php\/kangurki\/148-klub-czytajacego-rodzica\" target=\"_blank\" rel=\"noopener\">Klub Czytaj\u0105cego Rodzica &#8211; gr. 3 l<\/a><\/p><p><a href=\"https:\/\/www.pp8.kluczbork.pl\/index.php\/przyjaciele-kubusia\/362-klub-czytajacego-rodzica-2015\" target=\"_blank\" rel=\"noopener\">Klub Czytaj\u0105cego Rodzica &#8211; gr. 6 l\u00a0&#8222;Przyjaciele Kubusia&#8221;\u00a0<\/a><\/p><p><a href=\"https:\/\/www.pp8.kluczbork.pl\/index.php\/tygryski\/87-klub-czytajacego-rodzica\" target=\"_blank\" rel=\"noopener\">Klub Czytaj\u0105cego Rodzica &#8211; gr. 3 l<\/a>\u00a0&#8222;Male\u0144stwa&#8221;<\/p><p>Klub Czytaj\u0105cego Rodzica \u00a0&#8211; gr. 4l &#8222;Tygryski&#8221;<\/p><p><a href=\"https:\/\/www.pp8.kluczbork.pl\/index.php\/kroliczki\/379-klub-czytajacego-rodzica-2015\" target=\"_blank\" rel=\"noopener\">Klub Czytaj\u0105cego Rodzica &#8211; gr. 5-4ll<\/a>\u00a0&#8222;Kubusie&#8221;<\/p><p><a href=\"https:\/\/www.pp8.kluczbork.pl\/index.php\/madre-sowy\/406-klub-czytajacego-rodzica-2015\" target=\"_blank\" rel=\"noopener\">Klub Czytaj\u0105cego Rodzica &#8211; gr. 5-4 l<\/a>\u00a0&#8222;Kr\u00f3liczki&#8221;<\/p><p><a href=\"https:\/\/www.pp8.kluczbork.pl\/index.php\/madre-sowy\/679-klub-czytajacego-rodzica-2016\" target=\"_blank\" rel=\"noopener\">Klub Czytaj\u0105cego Rodzica &#8211; gr. 6 l\u00a0&#8222;M\u0105dre Sowy&#8221;<\/a><\/p><p><a href=\"https:\/\/www.pp8.kluczbork.pl\/index.php\/puchatki\/139-klub-czytajacego-rodzica\" target=\"_blank\" rel=\"noopener\">Klub Czytaj\u0105cego Rodzica &#8211; Ligota G.<\/a><\/p><\/div><\/div><\/div><\/article><div class=\"items-leading\"><div class=\"leading-0\">\u00a0<\/div><\/div>\t\t\t\t\t\t<\/div>\n\t\t\t\t<\/div>\n\t\t\t\t\t<\/div>\n\t\t<\/div>\n\t\t\t\t\t\t\t<\/div>\n\t\t<\/section>\n\t\t\t\t\t\t<\/div>\n\t\t\t\t\t<\/div>\n\t\t","protected":false},"excerpt":{"rendered":"<p>Klub Czytaj\u0105cego Rodzica \u00a0 W ramach kampanii\u00a0&#8222;Ca\u0142a Polska czyta dzieciom&#8221;, w naszym przedszkolu propagujemy i realizujemy jej dzia\u0142ania poprzez codzienne czytanie dzieciom w poobiedniem odpoczynku. Do wsp\u00f3lnego czytania r\u00f3wnie\u017c zapraszamy Rodzic\u00f3w i inne zaproszone osoby. \u00a0 Klub Czytaj\u0105cego Rodzica &#8211; gr. 3 l Klub Czytaj\u0105cego Rodzica &#8211; gr. 6 l\u00a0&#8222;Przyjaciele [&hellip;]<\/p>\n","protected":false},"author":1,"featured_media":0,"parent":2169,"menu_order":0,"comment_status":"closed","ping_status":"closed","template":"","meta":{"ngg_post_thumbnail":0,"footnotes":""},"_links":{"self":[{"href":"https:\/\/pp8.kluczbork.pl\/index.php?rest_route=\/wp\/v2\/pages\/2197"}],"collection":[{"href":"https:\/\/pp8.kluczbork.pl\/index.php?rest_route=\/wp\/v2\/pages"}],"about":[{"href":"https:\/\/pp8.kluczbork.pl\/index.php?rest_route=\/wp\/v2\/types\/page"}],"author":[{"embeddable":true,"href":"https:\/\/pp8.kluczbork.pl\/index.php?rest_route=\/wp\/v2\/users\/1"}],"replies":[{"embeddable":true,"href":"https:\/\/pp8.kluczbork.pl\/index.php?rest_route=%2Fwp%2Fv2%2Fcomments&post=2197"}],"version-history":[{"count":4,"href":"https:\/\/pp8.kluczbork.pl\/index.php?rest_route=\/wp\/v2\/pages\/2197\/revisions"}],"predecessor-version":[{"id":2201,"href":"https:\/\/pp8.kluczbork.pl\/index.php?rest_route=\/wp\/v2\/pages\/2197\/revisions\/2201"}],"up":[{"embeddable":true,"href":"https:\/\/pp8.kluczbork.pl\/index.php?rest_route=\/wp\/v2\/pages\/2169"}],"wp:attachment":[{"href":"https:\/\/pp8.kluczbork.pl\/index.php?rest_route=%2Fwp%2Fv2%2Fmedia&parent=2197"}],"curies":[{"name":"wp","href":"https:\/\/api.w.org\/{rel}","templated":true}]}}