{"id":2171,"date":"2022-04-13T11:44:33","date_gmt":"2022-04-13T11:44:33","guid":{"rendered":"https:\/\/pp8.kluczbork.pl\/?page_id=2171"},"modified":"2022-04-13T11:45:31","modified_gmt":"2022-04-13T11:45:31","slug":"bajki-pomagajki","status":"publish","type":"page","link":"https:\/\/pp8.kluczbork.pl\/?page_id=2171","title":{"rendered":"Bajki pomagajki &#8211;"},"content":{"rendered":"\t\t<div data-elementor-type=\"wp-page\" data-elementor-id=\"2171\" class=\"elementor elementor-2171\" data-elementor-settings=\"[]\">\n\t\t\t\t\t\t\t<div class=\"elementor-section-wrap\">\n\t\t\t\t\t\t\t<section class=\"elementor-section elementor-top-section elementor-element elementor-element-5c0edcf elementor-section-boxed elementor-section-height-default elementor-section-height-default\" data-id=\"5c0edcf\" data-element_type=\"section\">\n\t\t\t\t\t\t<div class=\"elementor-container elementor-column-gap-default\">\n\t\t\t\t\t<div class=\"elementor-column elementor-col-100 elementor-top-column elementor-element elementor-element-e043255\" data-id=\"e043255\" data-element_type=\"column\">\n\t\t\t<div class=\"elementor-widget-wrap elementor-element-populated\">\n\t\t\t\t\t\t\t\t<div class=\"elementor-element elementor-element-94343c5 elementor-widget elementor-widget-text-editor\" data-id=\"94343c5\" data-element_type=\"widget\" data-widget_type=\"text-editor.default\">\n\t\t\t\t<div class=\"elementor-widget-container\">\n\t\t\t\t\t\t\t\t<h2 class=\"dd-postheader\"><span class=\"dd-postheadericon\">Bajki pomagajki &#8211;<\/span><\/h2><div class=\"dd-postheadericons dd-metadata-icons\">\u00a0<\/div><div class=\"dd-postcontent clearfix\"><div class=\"dd-article\"><p><a href=\"https:\/\/www.bibpedskawina.pl\/attachments\/article\/22\/bajki.pdf\">\u00a0<strong>BAJKOWA NIANIA<\/strong><\/a><\/p><p><a href=\"https:\/\/www.bibpedskawina.pl\/attachments\/article\/22\/bajki.pdf\"><strong>BAJKI POMAGAJKI DLA NAJM\u0141ODSZYCH<\/strong><\/a><\/p><p>\u00a0<\/p><p>\u00a0<\/p><p>W tomiku zebrano trzyna\u015bcie bajek,<\/p><p>przeznaczonych g\u0142\u00f3wnie dla dzieci w wieku przedszkolnym,<\/p><p>\u00a0kt\u00f3re czasami boj\u0105 si\u0119 wizyty u lekarza,<\/p><p>a czasami czego\u015b strasznego w szafie.\u00a0<\/p><p>Z tymi i wieloma innymi problemami radz\u0105 sobie bohaterowie bajek.<\/p><p>\u00a0<\/p><p>\u00a0<\/p><p><a href=\"https:\/\/www.bibpedskawina.pl\/attachments\/article\/22\/bajki.pdf\"><strong>BAJKOTERAPIA &#8211; czyli bajki-pomagajki dla ma\u0142ych i du\u017cych\u00a0<\/strong><\/a><\/p><p>\u00a0<\/p><p>\u201eBajkoterapia\u201d to antologia pi\u0119knych i m\u0105drych<\/p><p>bajek dla dzieci, poradnik dla rodzic\u00f3w,<\/p><p>\u00a0a przede wszystkim \u015bwietny spos\u00f3b na wsp\u00f3lne sp\u0119dzenie czasu!<\/p><p>Bajki pomagajki to niezwyk\u0142e historie,<\/p><p>kt\u00f3re wspieraj\u0105 i daj\u0105 poczucie bezpiecze\u0144stwa,<\/p><p>\u00a0zawieraj\u0105 wiele praktycznych wskaz\u00f3wek,<\/p><p>opowiadaj\u0105 m\u0105drze o \u015bwiecie dzieci\u0119cych<\/p><p>\u00a0emocji i konkretnych problemach,<\/p><p>z kt\u00f3rymi dzieci si\u0119 borykaj\u0105.\u00a0<\/p><p>M\u0142odzi i najm\u0142odsi czytelnicy<\/p><p>(w wieku przedszkolnym i wczesnoszkolnym) mog\u0105 uto\u017csami\u0107<\/p><p>\u00a0si\u0119 z bohaterem i prze\u017cy\u0107 z nim dan\u0105 histori\u0119,<\/p><p>a tak\u017ce dowiedzie\u0107, jak zachowa\u0107 si\u0119 w wielu wa\u017cnych sytuacjach.<\/p><\/div><\/div>\t\t\t\t\t\t<\/div>\n\t\t\t\t<\/div>\n\t\t\t\t\t<\/div>\n\t\t<\/div>\n\t\t\t\t\t\t\t<\/div>\n\t\t<\/section>\n\t\t\t\t\t\t<\/div>\n\t\t\t\t\t<\/div>\n\t\t","protected":false},"excerpt":{"rendered":"<p>Bajki pomagajki &#8211; \u00a0BAJKOWA NIANIA BAJKI POMAGAJKI DLA NAJM\u0141ODSZYCH W tomiku zebrano trzyna\u015bcie bajek, przeznaczonych g\u0142\u00f3wnie dla dzieci w wieku przedszkolnym, kt\u00f3re czasami boj\u0105 si\u0119 wizyty u lekarza, a czasami czego\u015b strasznego w szafie. Z tymi i wieloma innymi problemami radz\u0105 sobie bohaterowie bajek. BAJKOTERAPIA &#8211; czyli bajki-pomagajki dla ma\u0142ych [&hellip;]<\/p>\n","protected":false},"author":1,"featured_media":0,"parent":2169,"menu_order":0,"comment_status":"closed","ping_status":"closed","template":"","meta":{"ngg_post_thumbnail":0,"footnotes":""},"_links":{"self":[{"href":"https:\/\/pp8.kluczbork.pl\/index.php?rest_route=\/wp\/v2\/pages\/2171"}],"collection":[{"href":"https:\/\/pp8.kluczbork.pl\/index.php?rest_route=\/wp\/v2\/pages"}],"about":[{"href":"https:\/\/pp8.kluczbork.pl\/index.php?rest_route=\/wp\/v2\/types\/page"}],"author":[{"embeddable":true,"href":"https:\/\/pp8.kluczbork.pl\/index.php?rest_route=\/wp\/v2\/users\/1"}],"replies":[{"embeddable":true,"href":"https:\/\/pp8.kluczbork.pl\/index.php?rest_route=%2Fwp%2Fv2%2Fcomments&post=2171"}],"version-history":[{"count":5,"href":"https:\/\/pp8.kluczbork.pl\/index.php?rest_route=\/wp\/v2\/pages\/2171\/revisions"}],"predecessor-version":[{"id":2176,"href":"https:\/\/pp8.kluczbork.pl\/index.php?rest_route=\/wp\/v2\/pages\/2171\/revisions\/2176"}],"up":[{"embeddable":true,"href":"https:\/\/pp8.kluczbork.pl\/index.php?rest_route=\/wp\/v2\/pages\/2169"}],"wp:attachment":[{"href":"https:\/\/pp8.kluczbork.pl\/index.php?rest_route=%2Fwp%2Fv2%2Fmedia&parent=2171"}],"curies":[{"name":"wp","href":"https:\/\/api.w.org\/{rel}","templated":true}]}}