{"id":2150,"date":"2022-04-13T11:33:26","date_gmt":"2022-04-13T11:33:26","guid":{"rendered":"https:\/\/pp8.kluczbork.pl\/?page_id=2150"},"modified":"2022-04-13T11:33:56","modified_gmt":"2022-04-13T11:33:56","slug":"pedagogizacja-rodzicow","status":"publish","type":"page","link":"https:\/\/pp8.kluczbork.pl\/?page_id=2150","title":{"rendered":"Pedagogizacja Rodzic\u00f3w"},"content":{"rendered":"\t\t<div data-elementor-type=\"wp-page\" data-elementor-id=\"2150\" class=\"elementor elementor-2150\" data-elementor-settings=\"[]\">\n\t\t\t\t\t\t\t<div class=\"elementor-section-wrap\">\n\t\t\t\t\t\t\t<section class=\"elementor-section elementor-top-section elementor-element elementor-element-987e131 elementor-section-boxed elementor-section-height-default elementor-section-height-default\" data-id=\"987e131\" data-element_type=\"section\">\n\t\t\t\t\t\t<div class=\"elementor-container elementor-column-gap-default\">\n\t\t\t\t\t<div class=\"elementor-column elementor-col-100 elementor-top-column elementor-element elementor-element-e9e446f\" data-id=\"e9e446f\" data-element_type=\"column\">\n\t\t\t<div class=\"elementor-widget-wrap elementor-element-populated\">\n\t\t\t\t\t\t\t\t<div class=\"elementor-element elementor-element-6b0d823 elementor-widget elementor-widget-text-editor\" data-id=\"6b0d823\" data-element_type=\"widget\" data-widget_type=\"text-editor.default\">\n\t\t\t\t<div class=\"elementor-widget-container\">\n\t\t\t\t\t\t\t\t<h2 class=\"dd-postheader\" style=\"text-align: center;\"><span class=\"dd-postheadericon\">Wp\u0142yw czytania<\/span><\/h2><p style=\"text-align: center;\">Codzienne czytanie dzieciom &#8211; Wp\u0142yw czytania na rozw\u00f3j dziecka.<\/p><p style=\"text-align: center;\">Nie od dzi\u015b wiadomo, \u017ce&#8230;.<\/p><p style=\"text-align: center;\">&#8222;Czytanie\u00a0ksi\u0105\u017cek pobudza i rozwija wyobra\u017ani\u0119\u00a0dziecka.<\/p><p style=\"text-align: center;\">Sprawia, \u017ce\u00a0dziecko\u00a0jest bardziej kreatywne,<\/p><p style=\"text-align: center;\">dzi\u0119ki czemu jest bardziej otwarte na r\u00f3\u017cnego rodzaju procesy tw\u00f3rcze.<\/p><p style=\"text-align: center;\">Regularne\u00a0czytanie\u00a0powoduje, \u017ce\u00a0dziecko poznaje i uczy si\u0119 nowych s\u0142\u00f3w. &#8230;<\/p><p style=\"text-align: center;\">Wsp\u00f3lne\u00a0czytanie ksi\u0105\u017cki z\u00a0dzieckiem\u00a0wzmacnia i zacie\u015bnia wi\u0119zi&#8221;.<\/p><p style=\"text-align: center;\">Zach\u0119camy wi\u0119c do obejrzenia rad pani Psycholog.<\/p><p style=\"text-align: center;\">\u00a0<strong><a href=\"https:\/\/nietylkodlamam.pl\/czytanie-dzieciom-codziennie-czy-to-mozliwe\/\" target=\"_blank\" rel=\"noopener\">Psycholog radzi<\/a><\/strong><\/p>\t\t\t\t\t\t<\/div>\n\t\t\t\t<\/div>\n\t\t\t\t\t<\/div>\n\t\t<\/div>\n\t\t\t\t\t\t\t<\/div>\n\t\t<\/section>\n\t\t\t\t\t\t<\/div>\n\t\t\t\t\t<\/div>\n\t\t","protected":false},"excerpt":{"rendered":"<p>Wp\u0142yw czytania Codzienne czytanie dzieciom &#8211; Wp\u0142yw czytania na rozw\u00f3j dziecka. Nie od dzi\u015b wiadomo, \u017ce&#8230;. &#8222;Czytanie\u00a0ksi\u0105\u017cek pobudza i rozwija wyobra\u017ani\u0119\u00a0dziecka. Sprawia, \u017ce\u00a0dziecko\u00a0jest bardziej kreatywne, dzi\u0119ki czemu jest bardziej otwarte na r\u00f3\u017cnego rodzaju procesy tw\u00f3rcze. Regularne\u00a0czytanie\u00a0powoduje, \u017ce\u00a0dziecko poznaje i uczy si\u0119 nowych s\u0142\u00f3w. &#8230; Wsp\u00f3lne\u00a0czytanie ksi\u0105\u017cki z\u00a0dzieckiem\u00a0wzmacnia i zacie\u015bnia wi\u0119zi&#8221;. [&hellip;]<\/p>\n","protected":false},"author":1,"featured_media":0,"parent":2127,"menu_order":0,"comment_status":"closed","ping_status":"closed","template":"","meta":{"ngg_post_thumbnail":0,"footnotes":""},"_links":{"self":[{"href":"https:\/\/pp8.kluczbork.pl\/index.php?rest_route=\/wp\/v2\/pages\/2150"}],"collection":[{"href":"https:\/\/pp8.kluczbork.pl\/index.php?rest_route=\/wp\/v2\/pages"}],"about":[{"href":"https:\/\/pp8.kluczbork.pl\/index.php?rest_route=\/wp\/v2\/types\/page"}],"author":[{"embeddable":true,"href":"https:\/\/pp8.kluczbork.pl\/index.php?rest_route=\/wp\/v2\/users\/1"}],"replies":[{"embeddable":true,"href":"https:\/\/pp8.kluczbork.pl\/index.php?rest_route=%2Fwp%2Fv2%2Fcomments&post=2150"}],"version-history":[{"count":4,"href":"https:\/\/pp8.kluczbork.pl\/index.php?rest_route=\/wp\/v2\/pages\/2150\/revisions"}],"predecessor-version":[{"id":2154,"href":"https:\/\/pp8.kluczbork.pl\/index.php?rest_route=\/wp\/v2\/pages\/2150\/revisions\/2154"}],"up":[{"embeddable":true,"href":"https:\/\/pp8.kluczbork.pl\/index.php?rest_route=\/wp\/v2\/pages\/2127"}],"wp:attachment":[{"href":"https:\/\/pp8.kluczbork.pl\/index.php?rest_route=%2Fwp%2Fv2%2Fmedia&parent=2150"}],"curies":[{"name":"wp","href":"https:\/\/api.w.org\/{rel}","templated":true}]}}