{"id":2134,"date":"2022-04-13T11:28:43","date_gmt":"2022-04-13T11:28:43","guid":{"rendered":"https:\/\/pp8.kluczbork.pl\/?page_id=2134"},"modified":"2022-04-13T11:29:15","modified_gmt":"2022-04-13T11:29:15","slug":"cala-polska-czyta-dzieciom","status":"publish","type":"page","link":"https:\/\/pp8.kluczbork.pl\/?page_id=2134","title":{"rendered":"Ca\u0142a Polska Czyta Dzieciom"},"content":{"rendered":"\t\t<div data-elementor-type=\"wp-page\" data-elementor-id=\"2134\" class=\"elementor elementor-2134\" data-elementor-settings=\"[]\">\n\t\t\t\t\t\t\t<div class=\"elementor-section-wrap\">\n\t\t\t\t\t\t\t<section class=\"elementor-section elementor-top-section elementor-element elementor-element-55c9b6d elementor-section-boxed elementor-section-height-default elementor-section-height-default\" data-id=\"55c9b6d\" data-element_type=\"section\">\n\t\t\t\t\t\t<div class=\"elementor-container elementor-column-gap-default\">\n\t\t\t\t\t<div class=\"elementor-column elementor-col-100 elementor-top-column elementor-element elementor-element-57a81fb\" data-id=\"57a81fb\" data-element_type=\"column\">\n\t\t\t<div class=\"elementor-widget-wrap elementor-element-populated\">\n\t\t\t\t\t\t\t\t<div class=\"elementor-element elementor-element-c46f438 elementor-widget elementor-widget-text-editor\" data-id=\"c46f438\" data-element_type=\"widget\" data-widget_type=\"text-editor.default\">\n\t\t\t\t<div class=\"elementor-widget-container\">\n\t\t\t\t\t\t\t\t<h2 class=\"dd-postheader\"><span class=\"dd-postheadericon\">O Programie<\/span><\/h2><div class=\"dd-postcontent clearfix\"><div class=\"dd-article\"><h2>Pomagamy wychowywa\u0107 dzieci na m\u0105drych,<\/h2><h2>dobrych i szcz\u0119\u015bliwych ludzi!<\/h2><p>Wspieramy m\u0105dre wychowanie, prowadz\u0105c programy edukacyjne dla rodzic\u00f3w, nauczycieli i uczni\u00f3w. Krzewimy czytelnictwo poprzez kampani\u0119<\/p><p>\u201eCa\u0142a Polska czyta dzieciom\u201d, programy \u201eCzytaj\u0105ce szko\u0142y\u201d<\/p><p>i \u201eCzytaj\u0105ce przedszkola\u201d oraz Kluby Czytaj\u0105cych Rodzin.<\/p><p><a href=\"https:\/\/calapolskaczytadzieciom.pl\/o-fundacji\/\" target=\"_blank\" rel=\"noopener\">Czytaj Dalej<\/a><\/p><\/div><\/div>\t\t\t\t\t\t<\/div>\n\t\t\t\t<\/div>\n\t\t\t\t\t<\/div>\n\t\t<\/div>\n\t\t\t\t\t\t\t<\/div>\n\t\t<\/section>\n\t\t\t\t\t\t<\/div>\n\t\t\t\t\t<\/div>\n\t\t","protected":false},"excerpt":{"rendered":"<p>O Programie Pomagamy wychowywa\u0107 dzieci na m\u0105drych, dobrych i szcz\u0119\u015bliwych ludzi! Wspieramy m\u0105dre wychowanie, prowadz\u0105c programy edukacyjne dla rodzic\u00f3w, nauczycieli i uczni\u00f3w. Krzewimy czytelnictwo poprzez kampani\u0119 \u201eCa\u0142a Polska czyta dzieciom\u201d, programy \u201eCzytaj\u0105ce szko\u0142y\u201d i \u201eCzytaj\u0105ce przedszkola\u201d oraz Kluby Czytaj\u0105cych Rodzin. Czytaj Dalej<\/p>\n","protected":false},"author":1,"featured_media":0,"parent":2127,"menu_order":0,"comment_status":"closed","ping_status":"closed","template":"","meta":{"ngg_post_thumbnail":0,"footnotes":""},"_links":{"self":[{"href":"https:\/\/pp8.kluczbork.pl\/index.php?rest_route=\/wp\/v2\/pages\/2134"}],"collection":[{"href":"https:\/\/pp8.kluczbork.pl\/index.php?rest_route=\/wp\/v2\/pages"}],"about":[{"href":"https:\/\/pp8.kluczbork.pl\/index.php?rest_route=\/wp\/v2\/types\/page"}],"author":[{"embeddable":true,"href":"https:\/\/pp8.kluczbork.pl\/index.php?rest_route=\/wp\/v2\/users\/1"}],"replies":[{"embeddable":true,"href":"https:\/\/pp8.kluczbork.pl\/index.php?rest_route=%2Fwp%2Fv2%2Fcomments&post=2134"}],"version-history":[{"count":4,"href":"https:\/\/pp8.kluczbork.pl\/index.php?rest_route=\/wp\/v2\/pages\/2134\/revisions"}],"predecessor-version":[{"id":2138,"href":"https:\/\/pp8.kluczbork.pl\/index.php?rest_route=\/wp\/v2\/pages\/2134\/revisions\/2138"}],"up":[{"embeddable":true,"href":"https:\/\/pp8.kluczbork.pl\/index.php?rest_route=\/wp\/v2\/pages\/2127"}],"wp:attachment":[{"href":"https:\/\/pp8.kluczbork.pl\/index.php?rest_route=%2Fwp%2Fv2%2Fmedia&parent=2134"}],"curies":[{"name":"wp","href":"https:\/\/api.w.org\/{rel}","templated":true}]}}