{"id":2129,"date":"2022-04-13T11:28:01","date_gmt":"2022-04-13T11:28:01","guid":{"rendered":"https:\/\/pp8.kluczbork.pl\/?page_id=2129"},"modified":"2024-01-05T13:02:47","modified_gmt":"2024-01-05T13:02:47","slug":"opis-programu","status":"publish","type":"page","link":"https:\/\/pp8.kluczbork.pl\/?page_id=2129","title":{"rendered":"Program NPRCz"},"content":{"rendered":"\t\t<div data-elementor-type=\"wp-page\" data-elementor-id=\"2129\" class=\"elementor elementor-2129\" data-elementor-settings=\"[]\">\n\t\t\t\t\t\t\t<div class=\"elementor-section-wrap\">\n\t\t\t\t\t\t\t<section class=\"elementor-section elementor-top-section elementor-element elementor-element-bc43567 elementor-section-boxed elementor-section-height-default elementor-section-height-default\" data-id=\"bc43567\" data-element_type=\"section\">\n\t\t\t\t\t\t<div class=\"elementor-container elementor-column-gap-default\">\n\t\t\t\t\t<div class=\"elementor-column elementor-col-100 elementor-top-column elementor-element elementor-element-4a3668c\" data-id=\"4a3668c\" data-element_type=\"column\">\n\t\t\t<div class=\"elementor-widget-wrap elementor-element-populated\">\n\t\t\t\t\t\t\t\t<div class=\"elementor-element elementor-element-e3a4fe2 elementor-widget elementor-widget-text-editor\" data-id=\"e3a4fe2\" data-element_type=\"widget\" data-widget_type=\"text-editor.default\">\n\t\t\t\t<div class=\"elementor-widget-container\">\n\t\t\t\t\t\t\t\t<h2 class=\"dd-postheader\"><span class=\"dd-postheadericon\"><a href=\"https:\/\/www.pp8.kluczbork.pl\/index.php\/opis-programu\/2813-opis-program-nprcz\">Opis Program NPRCz<\/a><\/span><\/h2><div class=\"dd-postheadericons dd-metadata-icons\">\u00a0<\/div><div class=\"dd-postcontent clearfix\"><div class=\"dd-article\"><p>Narodowy Program Rozwoju Czytelnictwa 2.0<\/p><p>jest programem uchwalonym na lata 2021-2025<\/p><p>przez Rad\u0119 Ministr\u00f3w w celu poprawy stanu czytelnictwa<\/p><p>w Polsce poprzez wzmacnianie roli bibliotek publicznych,<\/p><p>szkolnych i pedagogicznych jako lokalnych o\u015brodk\u00f3w \u017cycia spo\u0142ecznego,<\/p><p>stanowi\u0105cych centrum dost\u0119pu do kultury i wiedzy.<\/p><p><a href=\"https:\/\/bip.mkdnis.gov.pl\/pages\/legislacja\/programy-wieloletnie\/narodowy-program-rozwoju-czytelnictwa-2-0-na-lata-2021-2025.php\"><b>Uchwa\u0142a nr 69\/2021 Rady Ministr\u00f3w z dnia 21 maja 2021 r. w sprawie ustanowienia programu wieloletniego \u201eNarodowy Program Rozwoju Czytelnictwa 2.0. na lata 2021\u20132025\u201d wraz za\u0142\u0105cznikiem (tekst uchwa\u0142y)<\/b><\/a><\/p><\/div><\/div>\t\t\t\t\t\t<\/div>\n\t\t\t\t<\/div>\n\t\t\t\t\t<\/div>\n\t\t<\/div>\n\t\t\t\t\t\t\t<\/div>\n\t\t<\/section>\n\t\t\t\t\t\t<\/div>\n\t\t\t\t\t<\/div>\n\t\t","protected":false},"excerpt":{"rendered":"<p>Opis Program NPRCz Narodowy Program Rozwoju Czytelnictwa 2.0 jest programem uchwalonym na lata 2021-2025 przez Rad\u0119 Ministr\u00f3w w celu poprawy stanu czytelnictwa w Polsce poprzez wzmacnianie roli bibliotek publicznych, szkolnych i pedagogicznych jako lokalnych o\u015brodk\u00f3w \u017cycia spo\u0142ecznego, stanowi\u0105cych centrum dost\u0119pu do kultury i wiedzy. Uchwa\u0142a nr 69\/2021 Rady Ministr\u00f3w z [&hellip;]<\/p>\n","protected":false},"author":1,"featured_media":0,"parent":2127,"menu_order":0,"comment_status":"closed","ping_status":"closed","template":"","meta":{"ngg_post_thumbnail":0,"footnotes":""},"_links":{"self":[{"href":"https:\/\/pp8.kluczbork.pl\/index.php?rest_route=\/wp\/v2\/pages\/2129"}],"collection":[{"href":"https:\/\/pp8.kluczbork.pl\/index.php?rest_route=\/wp\/v2\/pages"}],"about":[{"href":"https:\/\/pp8.kluczbork.pl\/index.php?rest_route=\/wp\/v2\/types\/page"}],"author":[{"embeddable":true,"href":"https:\/\/pp8.kluczbork.pl\/index.php?rest_route=\/wp\/v2\/users\/1"}],"replies":[{"embeddable":true,"href":"https:\/\/pp8.kluczbork.pl\/index.php?rest_route=%2Fwp%2Fv2%2Fcomments&post=2129"}],"version-history":[{"count":7,"href":"https:\/\/pp8.kluczbork.pl\/index.php?rest_route=\/wp\/v2\/pages\/2129\/revisions"}],"predecessor-version":[{"id":4721,"href":"https:\/\/pp8.kluczbork.pl\/index.php?rest_route=\/wp\/v2\/pages\/2129\/revisions\/4721"}],"up":[{"embeddable":true,"href":"https:\/\/pp8.kluczbork.pl\/index.php?rest_route=\/wp\/v2\/pages\/2127"}],"wp:attachment":[{"href":"https:\/\/pp8.kluczbork.pl\/index.php?rest_route=%2Fwp%2Fv2%2Fmedia&parent=2129"}],"curies":[{"name":"wp","href":"https:\/\/api.w.org\/{rel}","templated":true}]}}