{"id":2108,"date":"2022-04-10T13:23:45","date_gmt":"2022-04-10T13:23:45","guid":{"rendered":"https:\/\/pp8.kluczbork.pl\/?page_id=2108"},"modified":"2022-04-10T13:24:41","modified_gmt":"2022-04-10T13:24:41","slug":"edukacja-przyrodnicza","status":"publish","type":"page","link":"https:\/\/pp8.kluczbork.pl\/?page_id=2108","title":{"rendered":"Edukacja Przyrodnicza"},"content":{"rendered":"\t\t<div data-elementor-type=\"wp-page\" data-elementor-id=\"2108\" class=\"elementor elementor-2108\" data-elementor-settings=\"[]\">\n\t\t\t\t\t\t\t<div class=\"elementor-section-wrap\">\n\t\t\t\t\t\t\t<section class=\"elementor-section elementor-top-section elementor-element elementor-element-6e991e5 elementor-section-boxed elementor-section-height-default elementor-section-height-default\" data-id=\"6e991e5\" data-element_type=\"section\">\n\t\t\t\t\t\t<div class=\"elementor-container elementor-column-gap-default\">\n\t\t\t\t\t<div class=\"elementor-column elementor-col-100 elementor-top-column elementor-element elementor-element-47585c8\" data-id=\"47585c8\" data-element_type=\"column\">\n\t\t\t<div class=\"elementor-widget-wrap elementor-element-populated\">\n\t\t\t\t\t\t\t\t<div class=\"elementor-element elementor-element-6b94828 elementor-widget elementor-widget-text-editor\" data-id=\"6b94828\" data-element_type=\"widget\" data-widget_type=\"text-editor.default\">\n\t\t\t\t<div class=\"elementor-widget-container\">\n\t\t\t\t\t\t\t\t<p><span style=\"font-size: 14pt; color: #008000;\">Jednym z najwa\u017cniejszych zada\u0144 edukacji przedszkolnej<\/span><\/p><p><span style=\"font-size: 14pt; color: #008000;\">jest zapoznanie wychowank\u00f3w z przyrod\u0105.\u00a0\u00a0<\/span><\/p><p><span style=\"font-size: 14pt; color: #008000;\">Edukacja przyrodnicza pozwala dziecku pozna\u0107 najbli\u017csze otoczenie,<\/span><\/p><p><span style=\"font-size: 14pt; color: #008000;\">w trakcie obserwacji, do\u015bwiadcze\u0144 i eksperyment\u00f3w<\/span><\/p><p><span style=\"font-size: 14pt; color: #008000;\">oraz zrozumie\u0107 \u015brodowisko, w kt\u00f3rym \u017cyje cz\u0142owiek.<\/span><\/p><p><span style=\"font-size: 14pt; color: #008000;\">Celem naszych zaj\u0119\u0107 z edukacji przyrodniczej\u00a0\u00a0w ramach projektu,<\/span><\/p><p><span style=\"font-size: 14pt; color: #008000;\">sta\u0142o si\u0119 zbli\u017cenie dziecka do \u015brodowiska naturalnego,<\/span><\/p><p><span style=\"font-size: 14pt; color: #008000;\">kszta\u0142towania w\u0142a\u015bciwego, opieku\u0144czego stosunku do ro\u015blin i zwierz\u0105t<\/span><\/p><p><span style=\"font-size: 14pt; color: #008000;\">oraz doprowadzenia do zrozumienia roli cz\u0142owieka w przyrodzie.\u00a0<\/span><\/p><p><span style=\"font-size: 14pt; color: #008000;\">Przyroda jest dla dziecka w wieku przedszkolnym naj\u0142atwiej dost\u0119pnym<\/span><\/p><p><span style=\"font-size: 14pt; color: #008000;\">i niewyczerpalnym \u017ar\u00f3d\u0142em prze\u017cy\u0107, wiedzy i bezpo\u015brednich do\u015bwiadcze\u0144.<\/span><\/p><p><span style=\"font-size: 14pt; color: #008000;\">Wszelkie zjawiska i procesy w przyrodzie mog\u0105 by\u0107 niezast\u0105pionym bod\u017acem<\/span><\/p><p><span style=\"font-size: 14pt; color: #008000;\">do wszechstronnego rozwoju dziecka.<\/span><\/p><p><span style=\"font-size: 14pt; color: #008000;\">Dlatego \u00a0uczy\u0142y\u015bmy dzieci do bycia uwa\u017cnym<\/span><\/p><p><span style=\"font-size: 14pt; color: #008000;\">obserwatorem otaczaj\u0105cej rzeczywisto\u015bci pe\u0142nej zwierz\u0105t, ro\u015blin,<\/span><\/p><p><span style=\"font-size: 14pt; color: #008000;\">zachodz\u0105cych zjawisk oraz zale\u017cno\u015bci mi\u0119dzy nimi.<\/span><\/p><p><span style=\"font-size: 14pt; color: #008000;\">W ramach projektu dzieci w tym okresie sta\u0142y si\u0119 prawdziwymi<\/span><\/p><p><span style=\"font-size: 14pt; color: #008000;\">badaczami przyrody i \u0142atwo wykazywa\u0142y si\u0119 zaciekawieniem<\/span><\/p><p><span style=\"font-size: 14pt; color: #008000;\">otaczaj\u0105cym je \u015brodowiskiem naturalnym.<\/span><\/p><p><span style=\"font-size: 14pt; color: #008000;\">Wa\u017cne by\u0142o, aby dzieci mia\u0142y bezpo\u015bredni kontakt z przyrod\u0105.<\/span><\/p><p><span style=\"font-size: 14pt; color: #008000;\">Dlatego ogl\u0105da\u0142y, szuka\u0142y, zbiera\u0142y, porz\u0105dkowa\u0142y, por\u00f3wnywa\u0142y,<\/span><\/p><p><span style=\"font-size: 14pt; color: #008000;\">obserwowa\u0142y, eksperymentowa\u0142y i wyci\u0105ga\u0142y wnioski.<\/span><\/p><p><span style=\"font-size: 14pt; color: #008000;\">Zaj\u0119cia te pozwoli\u0142y na poznawanie najbli\u017cszego otoczenia,<\/span><\/p><p><span style=\"font-size: 14pt; color: #008000;\">ro\u015blin, zwierz\u0105t oraz budzeniu w dziecku poczucia rado\u015bci,<\/span><\/p><p><span style=\"font-size: 14pt; color: #008000;\">rozwijania zainteresowa\u0144, ch\u0119ci do pozyskania wiedzy<\/span><\/p><p><span style=\"font-size: 14pt; color: #008000;\">o otaczaj\u0105cej przyrodzie<\/span><\/p><p><span style=\"font-size: 14pt; color: #008000;\">oraz kreowaniu w\u0142a\u015bciwego stosunku wobec niej.<\/span><\/p><p><span style=\"font-size: 14pt; color: #008000;\">W ramach zaj\u0119\u0107 odby\u0142a si\u0119 r\u00f3wnie\u017c wycieczka do ZOO w Opolu<\/span><\/p><p><span style=\"font-size: 14pt;\">oraz do\u00a0Parku Nauki i Rozrywki w Krasiejowie.<\/span><\/p><p>\u00a0<\/p><p><a href=\"https:\/\/flic.kr\/s\/aHsmVyYksE\" target=\"_blank\" rel=\"noopener\">ZDJ\u0118CIA<\/a><\/p>\t\t\t\t\t\t<\/div>\n\t\t\t\t<\/div>\n\t\t\t\t\t<\/div>\n\t\t<\/div>\n\t\t\t\t\t\t\t<\/div>\n\t\t<\/section>\n\t\t\t\t\t\t<\/div>\n\t\t\t\t\t<\/div>\n\t\t","protected":false},"excerpt":{"rendered":"<p>Jednym z najwa\u017cniejszych zada\u0144 edukacji przedszkolnej jest zapoznanie wychowank\u00f3w z przyrod\u0105.\u00a0\u00a0 Edukacja przyrodnicza pozwala dziecku pozna\u0107 najbli\u017csze otoczenie, w trakcie obserwacji, do\u015bwiadcze\u0144 i eksperyment\u00f3w oraz zrozumie\u0107 \u015brodowisko, w kt\u00f3rym \u017cyje cz\u0142owiek. Celem naszych zaj\u0119\u0107 z edukacji przyrodniczej\u00a0\u00a0w ramach projektu, sta\u0142o si\u0119 zbli\u017cenie dziecka do \u015brodowiska naturalnego, kszta\u0142towania w\u0142a\u015bciwego, opieku\u0144czego stosunku [&hellip;]<\/p>\n","protected":false},"author":1,"featured_media":0,"parent":2074,"menu_order":0,"comment_status":"closed","ping_status":"closed","template":"","meta":{"ngg_post_thumbnail":0,"footnotes":""},"_links":{"self":[{"href":"https:\/\/pp8.kluczbork.pl\/index.php?rest_route=\/wp\/v2\/pages\/2108"}],"collection":[{"href":"https:\/\/pp8.kluczbork.pl\/index.php?rest_route=\/wp\/v2\/pages"}],"about":[{"href":"https:\/\/pp8.kluczbork.pl\/index.php?rest_route=\/wp\/v2\/types\/page"}],"author":[{"embeddable":true,"href":"https:\/\/pp8.kluczbork.pl\/index.php?rest_route=\/wp\/v2\/users\/1"}],"replies":[{"embeddable":true,"href":"https:\/\/pp8.kluczbork.pl\/index.php?rest_route=%2Fwp%2Fv2%2Fcomments&post=2108"}],"version-history":[{"count":7,"href":"https:\/\/pp8.kluczbork.pl\/index.php?rest_route=\/wp\/v2\/pages\/2108\/revisions"}],"predecessor-version":[{"id":2116,"href":"https:\/\/pp8.kluczbork.pl\/index.php?rest_route=\/wp\/v2\/pages\/2108\/revisions\/2116"}],"up":[{"embeddable":true,"href":"https:\/\/pp8.kluczbork.pl\/index.php?rest_route=\/wp\/v2\/pages\/2074"}],"wp:attachment":[{"href":"https:\/\/pp8.kluczbork.pl\/index.php?rest_route=%2Fwp%2Fv2%2Fmedia&parent=2108"}],"curies":[{"name":"wp","href":"https:\/\/api.w.org\/{rel}","templated":true}]}}