{"id":2103,"date":"2022-04-10T13:22:45","date_gmt":"2022-04-10T13:22:45","guid":{"rendered":"https:\/\/pp8.kluczbork.pl\/?page_id=2103"},"modified":"2022-04-10T13:23:06","modified_gmt":"2022-04-10T13:23:06","slug":"kompetencje-jezykowe","status":"publish","type":"page","link":"https:\/\/pp8.kluczbork.pl\/?page_id=2103","title":{"rendered":"Kompetencje j\u0119zykowe"},"content":{"rendered":"\t\t<div data-elementor-type=\"wp-page\" data-elementor-id=\"2103\" class=\"elementor elementor-2103\" data-elementor-settings=\"[]\">\n\t\t\t\t\t\t\t<div class=\"elementor-section-wrap\">\n\t\t\t\t\t\t\t<section class=\"elementor-section elementor-top-section elementor-element elementor-element-ccb2e5f elementor-section-boxed elementor-section-height-default elementor-section-height-default\" data-id=\"ccb2e5f\" data-element_type=\"section\">\n\t\t\t\t\t\t<div class=\"elementor-container elementor-column-gap-default\">\n\t\t\t\t\t<div class=\"elementor-column elementor-col-100 elementor-top-column elementor-element elementor-element-0e79e4d\" data-id=\"0e79e4d\" data-element_type=\"column\">\n\t\t\t<div class=\"elementor-widget-wrap elementor-element-populated\">\n\t\t\t\t\t\t\t\t<div class=\"elementor-element elementor-element-8bdde49 elementor-widget elementor-widget-text-editor\" data-id=\"8bdde49\" data-element_type=\"widget\" data-widget_type=\"text-editor.default\">\n\t\t\t\t<div class=\"elementor-widget-container\">\n\t\t\t\t\t\t\t\t<p><span style=\"font-size: 14pt;\">G\u0142\u00f3wnym celem zaj\u0119\u0107 by\u0142o motywowanie dzieci do nauki j\u0119zyka angielskiego,<\/span><\/p><p><span style=\"font-size: 14pt;\">budzenie zainteresowanie j\u0119zykiem obcym oraz kszta\u0142cenie<\/span><\/p><p><span style=\"font-size: 14pt;\">podstawowych kompetencji komunikacyjnych.<\/span><\/p><p><span style=\"font-size: 14pt;\">Uwra\u017cliwienie dzieci na brzmienie i melodi\u0119 j\u0119zyka angielskiego<\/span><\/p><p><span style=\"font-size: 14pt;\">poprzez umo\u017cliwienie im os\u0142uchania si\u0119 z tym j\u0119zykiem.\u00a0<\/span><\/p><p><span style=\"font-size: 14pt;\">\u00a0\u00a0\u00a0\u00a0\u00a0\u00a0\u00a0\u00a0\u00a0\u00a0\u00a0\u00a0Podczas zaj\u0119\u0107 dzieci inspirowane by\u0142y do dzia\u0142a\u0144 tw\u00f3rczych<\/span><\/p><p><span style=\"font-size: 14pt;\">przez co wyzwala\u0142y dzieci\u0119c\u0105 wyobra\u017ani\u0119, jednocze\u015bnie wykorzystuj\u0105c<\/span><\/p><p><span style=\"font-size: 14pt;\">naturalne predyspozycje dzieci do rozwijania umiej\u0119tno\u015bci j\u0119zykowych.<\/span><\/p><p><span style=\"font-size: 14pt;\">\u00a0\u00a0\u00a0\u00a0\u00a0\u00a0\u00a0\u00a0\u00a0\u00a0\u00a0\u00a0Podstawowe umiej\u0119tno\u015bci, kt\u00f3re rozwija\u0142y dzieci to rozumienie mowy (s\u0142uchanie)<\/span><\/p><p><span style=\"font-size: 14pt;\">oraz znajomo\u015b\u0107 s\u0142ownictwa. Dzieci wypowiada\u0142y si\u0119 r\u00f3wnie\u017c w r\u00f3\u017cnych formach,<\/span><\/p><p><span style=\"font-size: 14pt;\">np. ekspresji ruchowej, artystycznej i werbalnej na temat wys\u0142uchanych historyjek.<\/span><\/p><p><span style=\"font-size: 14pt;\">Sprawno\u015bci\u00a0\u00a0te stan\u0105 si\u0119 baz\u0105 dla rozwoju umiej\u0119tno\u015bci komunikacyjnych<\/span><\/p><p><span style=\"font-size: 14pt;\">na nast\u0119pnych etapach edukacyjnych.<\/span><\/p><p><span style=\"font-size: 14pt;\">\u00a0\u00a0\u00a0\u00a0\u00a0\u00a0\u00a0\u00a0\u00a0\u00a0\u00a0\u00a0\u00a0Przedszkolaki uczy\u0142y si\u0119 j\u0119zyka angielskiego poprzez zabaw\u0119,<\/span><\/p><p><span style=\"font-size: 14pt;\">piosenki, rymowanki, wierszyki, a tak\u017ce ruch.<\/span><\/p><p><span style=\"font-size: 14pt;\">Tematyka zaj\u0119\u0107 dotyczy\u0142a najbli\u017cszego otoczenia dziecka:<\/span><\/p><p><span style=\"font-size: 14pt;\">przedstawiania si\u0119 i powitania, zwrot\u00f3w grzeczno\u015bciowych, liczb,<\/span><\/p><p><span style=\"font-size: 14pt;\">kolor\u00f3w, zabawek, jedzenia, cz\u0119\u015bci cia\u0142a, ubra\u0144, rodziny, zwierz\u0105t,<\/span><\/p><p><span style=\"font-size: 14pt;\">pogody oraz wykonywania prostych czynno\u015bci.<\/span><\/p><p><span style=\"font-size: 14pt;\">Wszystkie dzieci bardzo dobrze opanowa\u0142y w\/w s\u0142ownictwo i zwroty.<\/span><\/p><p><span style=\"font-size: 14pt;\">\u00a0\u00a0\u00a0\u00a0\u00a0\u00a0\u00a0\u00a0\u00a0\u00a0\u00a0\u00a0\u00a0W trakcie prowadzonych zaj\u0119\u0107,\u00a0\u00a0wykorzystywane<\/span><\/p><p><span style=\"font-size: 14pt;\">by\u0142y nowoczesne metody nauczania i ciekawe pomoce dydaktyczne.<\/span><\/p><p><span style=\"font-size: 14pt;\">Du\u017c\u0105 pomoc\u0105 podczas nabywania nowych umiej\u0119tno\u015bci j\u0119zykowych by\u0142y:<\/span><\/p><p><span style=\"font-size: 14pt;\">piosenki, historyjki, u\u017cywanie kart obrazkowych (flashcards), pacynki, gry i zabawy.<\/span><\/p><p><span style=\"font-size: 14pt;\">\u00a0\u00a0\u00a0\u00a0\u00a0\u00a0\u00a0\u00a0\u00a0\u00a0\u00a0\u00a0\u00a0Dzieci z entuzjazmem i wielkim zaanga\u017cowaniem uczestniczy\u0142y<\/span><\/p><p><span style=\"font-size: 14pt;\">w zaj\u0119ciach, uczy\u0142y si\u0119 nowych s\u0142\u00f3wek, piosenek i wierszyk\u00f3w,<\/span><\/p><p><span style=\"font-size: 14pt;\">co z pewno\u015bci\u0105 zaprocentuje w dalszych latach edukacji j\u0119zykowej.<\/span><\/p><p><span style=\"font-size: 14pt;\">Wszystkie przedszkolaki odnios\u0142y sukces i ch\u0119\u0107 dalszego<\/span><\/p><p><span style=\"font-size: 14pt;\">rozwijania kompetencji j\u0119zykowych.<\/span><\/p><p>\u00a0<\/p><p><span style=\"font-size: 14pt;\"><a href=\"https:\/\/flic.kr\/s\/aHsmVu5r9R\" target=\"_blank\" rel=\"noopener\">Zdj\u0119cia<\/a><\/span><\/p>\t\t\t\t\t\t<\/div>\n\t\t\t\t<\/div>\n\t\t\t\t\t<\/div>\n\t\t<\/div>\n\t\t\t\t\t\t\t<\/div>\n\t\t<\/section>\n\t\t\t\t\t\t<\/div>\n\t\t\t\t\t<\/div>\n\t\t","protected":false},"excerpt":{"rendered":"<p>G\u0142\u00f3wnym celem zaj\u0119\u0107 by\u0142o motywowanie dzieci do nauki j\u0119zyka angielskiego, budzenie zainteresowanie j\u0119zykiem obcym oraz kszta\u0142cenie podstawowych kompetencji komunikacyjnych. Uwra\u017cliwienie dzieci na brzmienie i melodi\u0119 j\u0119zyka angielskiego poprzez umo\u017cliwienie im os\u0142uchania si\u0119 z tym j\u0119zykiem.\u00a0 \u00a0\u00a0\u00a0\u00a0\u00a0\u00a0\u00a0\u00a0\u00a0\u00a0\u00a0\u00a0Podczas zaj\u0119\u0107 dzieci inspirowane by\u0142y do dzia\u0142a\u0144 tw\u00f3rczych przez co wyzwala\u0142y dzieci\u0119c\u0105 wyobra\u017ani\u0119, jednocze\u015bnie wykorzystuj\u0105c [&hellip;]<\/p>\n","protected":false},"author":1,"featured_media":0,"parent":2074,"menu_order":0,"comment_status":"closed","ping_status":"closed","template":"","meta":{"ngg_post_thumbnail":0,"footnotes":""},"_links":{"self":[{"href":"https:\/\/pp8.kluczbork.pl\/index.php?rest_route=\/wp\/v2\/pages\/2103"}],"collection":[{"href":"https:\/\/pp8.kluczbork.pl\/index.php?rest_route=\/wp\/v2\/pages"}],"about":[{"href":"https:\/\/pp8.kluczbork.pl\/index.php?rest_route=\/wp\/v2\/types\/page"}],"author":[{"embeddable":true,"href":"https:\/\/pp8.kluczbork.pl\/index.php?rest_route=\/wp\/v2\/users\/1"}],"replies":[{"embeddable":true,"href":"https:\/\/pp8.kluczbork.pl\/index.php?rest_route=%2Fwp%2Fv2%2Fcomments&post=2103"}],"version-history":[{"count":4,"href":"https:\/\/pp8.kluczbork.pl\/index.php?rest_route=\/wp\/v2\/pages\/2103\/revisions"}],"predecessor-version":[{"id":2107,"href":"https:\/\/pp8.kluczbork.pl\/index.php?rest_route=\/wp\/v2\/pages\/2103\/revisions\/2107"}],"up":[{"embeddable":true,"href":"https:\/\/pp8.kluczbork.pl\/index.php?rest_route=\/wp\/v2\/pages\/2074"}],"wp:attachment":[{"href":"https:\/\/pp8.kluczbork.pl\/index.php?rest_route=%2Fwp%2Fv2%2Fmedia&parent=2103"}],"curies":[{"name":"wp","href":"https:\/\/api.w.org\/{rel}","templated":true}]}}