{"id":2098,"date":"2022-04-10T13:22:03","date_gmt":"2022-04-10T13:22:03","guid":{"rendered":"https:\/\/pp8.kluczbork.pl\/?page_id=2098"},"modified":"2022-04-10T13:22:26","modified_gmt":"2022-04-10T13:22:26","slug":"kompetencje-matematyczne","status":"publish","type":"page","link":"https:\/\/pp8.kluczbork.pl\/?page_id=2098","title":{"rendered":"Kompetencje Matematyczne"},"content":{"rendered":"\t\t<div data-elementor-type=\"wp-page\" data-elementor-id=\"2098\" class=\"elementor elementor-2098\" data-elementor-settings=\"[]\">\n\t\t\t\t\t\t\t<div class=\"elementor-section-wrap\">\n\t\t\t\t\t\t\t<section class=\"elementor-section elementor-top-section elementor-element elementor-element-756c234 elementor-section-boxed elementor-section-height-default elementor-section-height-default\" data-id=\"756c234\" data-element_type=\"section\">\n\t\t\t\t\t\t<div class=\"elementor-container elementor-column-gap-default\">\n\t\t\t\t\t<div class=\"elementor-column elementor-col-100 elementor-top-column elementor-element elementor-element-615c436\" data-id=\"615c436\" data-element_type=\"column\">\n\t\t\t<div class=\"elementor-widget-wrap elementor-element-populated\">\n\t\t\t\t\t\t\t\t<div class=\"elementor-element elementor-element-4f0ee0b elementor-widget elementor-widget-text-editor\" data-id=\"4f0ee0b\" data-element_type=\"widget\" data-widget_type=\"text-editor.default\">\n\t\t\t\t<div class=\"elementor-widget-container\">\n\t\t\t\t\t\t\t\t<p><span style=\"font-size: 14pt; color: #ff6600;\">W ramach zadania z Projektu \u201eKszta\u0142towanie umiej\u0119tno\u015bci matematycznych\u201d\u00a0\u00a0<\/span><\/p><p><span style=\"font-size: 14pt; color: #ff6600;\">otrzymali\u015bmy cenne pomoce dydaktyczne uatrakcyjniaj\u0105ce zaj\u0119cia<\/span><\/p><p><span style=\"font-size: 14pt; color: #ff6600;\">i pozwalaj\u0105ce nam na ciekaw\u0105 realizacj\u0119 podj\u0119tych dzia\u0142a\u0144.<\/span><\/p><p><span style=\"font-size: 14pt; color: #ff6600;\">Miedzy innymi\u00a0\u00a0otrzymali\u015bmy plansze do kodowania,<\/span><\/p><p><span style=\"font-size: 14pt; color: #ff6600;\">kt\u00f3re\u00a0\u00a0pozwoli\u0142y nauczycielowi, w taki sposo\u0301b skonstruowac\u0301 zaje\u0328cia,<\/span><\/p><p><span style=\"font-size: 14pt; color: #ff6600;\">aby strona\u0328 aktywna\u0328 by\u0142o dziecko.\u00a0<\/span><\/p><p>\u00a0<\/p><p><span style=\"font-size: 14pt; color: #ff6600;\">Podejmuj\u0105c si\u0119 zadania dzieci mia\u0142y mo\u017cliwo\u015b\u0107 gromadzenia do\u015bwiadcze\u0144<\/span><\/p><p><span style=\"font-size: 14pt; color: #ff6600;\">zwi\u0105zanych z poj\u0119ciami logicznymi, rozbudzenia zainteresowa\u0144<\/span><\/p><p><span style=\"font-size: 14pt; color: #ff6600;\">i tym samym zrozumienia matematyki.\u00a0<\/span><\/p><p>\u00a0<\/p><p>\u00a0<\/p><p><span style=\"font-size: 14pt; color: #ff6600;\">Matematyczne dzia\u0142ania przyj\u0119\u0142y form\u0119 nauki przez zabaw\u0119,<\/span><\/p><p><span style=\"font-size: 14pt; color: #ff6600;\">dzi\u0119ki kt\u00f3rej mo\u017cliwe by\u0142o osi\u0105gni\u0119cie zaplanowanych cel\u00f3w.<\/span><\/p><p><span style=\"font-size: 14pt; color: #ff6600;\">G\u0142\u00f3wnym zamiarem realizacji projektu by\u0142o podniesienie poziomu<\/span><\/p><p><span style=\"font-size: 14pt; color: #ff6600;\">kompetencji matematyczno \u2013 logicznych dzieci, rozw\u00f3j logicznego my\u015blenia,<\/span><\/p><p><span style=\"font-size: 14pt; color: #ff6600;\">wykszta\u0142cenie umiej\u0119tno\u015bci pos\u0142ugiwania si\u0119 poj\u0119ciami matematycznymi.<\/span><\/p><p><span style=\"font-size: 14pt; color: #ff6600;\">Przedszkolaki mia\u0142y okazj\u0119 zobaczy\u0107<\/span><\/p><p><span style=\"font-size: 14pt; color: #ff6600;\">jak w ciekawy spos\u00f3b mo\u017cna bawi\u0107 si\u0119 matematyk\u0105,<\/span><\/p><p><span style=\"font-size: 14pt; color: #ff6600;\">a przy tym uczy\u0107 si\u0119, zdobywa\u0107 nowe umiej\u0119tno\u015bci,<\/span><\/p><p><span style=\"font-size: 14pt; color: #ff6600;\">rozwija\u0107 matematyczn\u0105 wyobra\u017ani\u0119.\u00a0<\/span><\/p><p>\u00a0<\/p><p>\u00a0<\/p><p><span style=\"font-size: 14pt; color: #ff6600;\">Podczas dzia\u0142a\u0144 w ramach zaj\u0119\u0107 matematycznych dzieci kszta\u0142ci\u0142y i rozwija\u0142y:<\/span><\/p><p>\u00a0<\/p><p><span style=\"font-size: 14pt; color: #ff6600;\">&#8211; rozwo\u0301j spostrzegawczos\u0301ci, wyobraz\u0301ni, kojarzenia i logicznego mys\u0301lenia<\/span><br \/><span style=\"font-size: 14pt; color: #ff6600;\">&#8211; rozwo\u0301j manualny oraz wzrokowo- ruchowy zw\u0142aszcza motoryka ma\u0142a<\/span><br \/><span style=\"font-size: 14pt; color: #ff6600;\">&#8211; kszta\u0142towanie umieje\u0328tnos\u0301ci spo\u0142ecznych i kompetencji mie\u0328kkich<\/span><\/p><p><span style=\"font-size: 14pt; color: #ff6600;\">(wspo\u0301\u0142praca w parach, w grupie)<\/span><br \/><span style=\"font-size: 14pt; color: #ff6600;\">&#8211; trening pamie\u0328ci<\/span><br \/><span style=\"font-size: 14pt; color: #ff6600;\">&#8211; odczuwanie rados\u0301ci i zadowolenia z pokonywania trudnos\u0301ci;<\/span><br \/><span style=\"font-size: 14pt; color: #ff6600;\">&#8211; nabywanie umieje\u0328tnos\u0301ci radzenia sobie w sytuacjach trudnych;<\/span><br \/><span style=\"font-size: 14pt; color: #ff6600;\">&#8211; rozbudzanie inwencji two\u0301rczej i kreatywnos\u0301ci;<\/span><br \/><span style=\"font-size: 14pt; color: #ff6600;\">&#8211; odczytywanie, rozumienie symboli i znako\u0301w.<\/span><\/p><p>\u00a0<\/p><p><span style=\"font-size: 14pt; color: #ff6600;\">Dzieci bardzo polubi\u0142y zaj\u0119cia matematyczne<\/span><\/p><p><span style=\"font-size: 14pt; color: #ff6600;\">i ch\u0119tnie do nich wracamy, mimo zako\u0144czenia zaj\u0119\u0107 z Projektu.<\/span><\/p><p><a href=\"https:\/\/flic.kr\/s\/aHsmVyXTdk\" target=\"_blank\" rel=\"noopener\">ZDJ\u0118CIA<\/a><\/p>\t\t\t\t\t\t<\/div>\n\t\t\t\t<\/div>\n\t\t\t\t\t<\/div>\n\t\t<\/div>\n\t\t\t\t\t\t\t<\/div>\n\t\t<\/section>\n\t\t\t\t\t\t<\/div>\n\t\t\t\t\t<\/div>\n\t\t","protected":false},"excerpt":{"rendered":"<p>W ramach zadania z Projektu \u201eKszta\u0142towanie umiej\u0119tno\u015bci matematycznych\u201d\u00a0\u00a0 otrzymali\u015bmy cenne pomoce dydaktyczne uatrakcyjniaj\u0105ce zaj\u0119cia i pozwalaj\u0105ce nam na ciekaw\u0105 realizacj\u0119 podj\u0119tych dzia\u0142a\u0144. Miedzy innymi\u00a0\u00a0otrzymali\u015bmy plansze do kodowania, kt\u00f3re\u00a0\u00a0pozwoli\u0142y nauczycielowi, w taki sposo\u0301b skonstruowac\u0301 zaje\u0328cia, aby strona\u0328 aktywna\u0328 by\u0142o dziecko.\u00a0 \u00a0 Podejmuj\u0105c si\u0119 zadania dzieci mia\u0142y mo\u017cliwo\u015b\u0107 gromadzenia do\u015bwiadcze\u0144 zwi\u0105zanych z [&hellip;]<\/p>\n","protected":false},"author":1,"featured_media":0,"parent":2074,"menu_order":0,"comment_status":"closed","ping_status":"closed","template":"","meta":{"ngg_post_thumbnail":0,"footnotes":""},"_links":{"self":[{"href":"https:\/\/pp8.kluczbork.pl\/index.php?rest_route=\/wp\/v2\/pages\/2098"}],"collection":[{"href":"https:\/\/pp8.kluczbork.pl\/index.php?rest_route=\/wp\/v2\/pages"}],"about":[{"href":"https:\/\/pp8.kluczbork.pl\/index.php?rest_route=\/wp\/v2\/types\/page"}],"author":[{"embeddable":true,"href":"https:\/\/pp8.kluczbork.pl\/index.php?rest_route=\/wp\/v2\/users\/1"}],"replies":[{"embeddable":true,"href":"https:\/\/pp8.kluczbork.pl\/index.php?rest_route=%2Fwp%2Fv2%2Fcomments&post=2098"}],"version-history":[{"count":4,"href":"https:\/\/pp8.kluczbork.pl\/index.php?rest_route=\/wp\/v2\/pages\/2098\/revisions"}],"predecessor-version":[{"id":2102,"href":"https:\/\/pp8.kluczbork.pl\/index.php?rest_route=\/wp\/v2\/pages\/2098\/revisions\/2102"}],"up":[{"embeddable":true,"href":"https:\/\/pp8.kluczbork.pl\/index.php?rest_route=\/wp\/v2\/pages\/2074"}],"wp:attachment":[{"href":"https:\/\/pp8.kluczbork.pl\/index.php?rest_route=%2Fwp%2Fv2%2Fmedia&parent=2098"}],"curies":[{"name":"wp","href":"https:\/\/api.w.org\/{rel}","templated":true}]}}