{"id":2090,"date":"2022-04-10T13:21:09","date_gmt":"2022-04-10T13:21:09","guid":{"rendered":"https:\/\/pp8.kluczbork.pl\/?page_id=2090"},"modified":"2022-04-10T13:21:44","modified_gmt":"2022-04-10T13:21:44","slug":"umiejetnosci-uniwersalne","status":"publish","type":"page","link":"https:\/\/pp8.kluczbork.pl\/?page_id=2090","title":{"rendered":"Umiej\u0119tno\u015bci Uniwersalne"},"content":{"rendered":"\t\t<div data-elementor-type=\"wp-page\" data-elementor-id=\"2090\" class=\"elementor elementor-2090\" data-elementor-settings=\"[]\">\n\t\t\t\t\t\t\t<div class=\"elementor-section-wrap\">\n\t\t\t\t\t\t\t<section class=\"elementor-section elementor-top-section elementor-element elementor-element-ac1b5b9 elementor-section-boxed elementor-section-height-default elementor-section-height-default\" data-id=\"ac1b5b9\" data-element_type=\"section\">\n\t\t\t\t\t\t<div class=\"elementor-container elementor-column-gap-default\">\n\t\t\t\t\t<div class=\"elementor-column elementor-col-100 elementor-top-column elementor-element elementor-element-4408624\" data-id=\"4408624\" data-element_type=\"column\">\n\t\t\t<div class=\"elementor-widget-wrap elementor-element-populated\">\n\t\t\t\t\t\t\t\t<div class=\"elementor-element elementor-element-61e9591 elementor-widget elementor-widget-text-editor\" data-id=\"61e9591\" data-element_type=\"widget\" data-widget_type=\"text-editor.default\">\n\t\t\t\t<div class=\"elementor-widget-container\">\n\t\t\t\t\t\t\t\t<p style=\"text-align: left;\"><span style=\"font-size: 14pt; color: #3366ff;\">Kszta\u0142towanie u dzieci\u00a0<strong>Umiej\u0119tno\u015bci Uniwersalnych<\/strong>\u00a0w ramach projektu<\/span><\/p><p style=\"text-align: left;\"><span style=\"font-size: 14pt; color: #3366ff;\">skupi\u0142y\u015bmy na po\u0142\u0105czenie wszystkich typ\u00f3w ekspresji dzieci\u0119cej:<\/span><\/p><p style=\"text-align: left;\"><span style=\"font-size: 14pt; color: #3366ff;\">plastycznej, s\u0142ownej, muzycznej i ruchowej, np.: w \u015bpiewie, mowie, ge\u015bcie, ruchu.<\/span><\/p><p style=\"text-align: left;\"><span style=\"font-size: 14pt; color: #3366ff;\">Zabawy w teatr, b\u0119d\u0105cy z natury rzeczy syntez\u0105 sztuk,<\/span><\/p><p style=\"text-align: left;\"><span style=\"font-size: 14pt; color: #3366ff;\">wykorzystuje wszystkie \u015brodki wyrazu artystycznego charakterystyczne<\/span><\/p><p style=\"text-align: left;\"><span style=\"font-size: 14pt; color: #3366ff;\">dla r\u00f3\u017cnych rodzaj\u00f3w tw\u00f3rczo\u015bci. Zabawy te wywieraj\u0105 du\u017cy wp\u0142yw<\/span><\/p><p style=\"text-align: left;\"><span style=\"font-size: 14pt; color: #3366ff;\">na postawy moralne dzieci, kszta\u0142tuj\u0105c osobowo\u015b\u0107,<\/span><\/p><p style=\"text-align: left;\"><span style=\"font-size: 14pt; color: #3366ff;\">roz\u0142adowuj\u0105c nagromadzone emocj\u0119<\/span><\/p><p style=\"text-align: left;\"><span style=\"font-size: 14pt; color: #3366ff;\">oraz wyostrzaj\u0105c wszystkie zmys\u0142y dziecka.<\/span><\/p><p style=\"text-align: left;\"><span style=\"font-size: 14pt; color: #3366ff;\">\u00a0\u00a0 Wprowadzenie dzieci w \u015bwiat sztuki\u00a0\u00a0<\/span><\/p><p style=\"text-align: left;\"><span style=\"font-size: 14pt; color: #3366ff;\">(rozwijanie umiej\u0119tno\u015bci uniwersalnych &#8211; tw\u00f3rczych)<\/span><\/p><p style=\"text-align: left;\"><span style=\"font-size: 14pt; color: #3366ff;\">poprzez zabawy teatralne, plastyczne, muzyczne itp.<\/span><\/p><p style=\"text-align: left;\"><span style=\"font-size: 14pt; color: #3366ff;\">przynios\u0142o dzieciom wiele korzy\u015bci.\u00a0\u00a0<\/span><\/p><p style=\"text-align: left;\"><span style=\"font-size: 14pt; color: #3366ff;\">Rozwija\u0142o wyobra\u017anie, doskonali\u0142o mow\u0119,\u00a0<\/span><\/p><p style=\"text-align: left;\"><span style=\"font-size: 14pt; color: #3366ff;\">\u00a0kt\u00f3ra stawa\u0142a si\u0119 wyrazista i melodyjna,<\/span><\/p><p style=\"text-align: left;\"><span style=\"font-size: 14pt; color: #3366ff;\">sprzyja\u0142o umuzykalnieniu,<\/span><\/p><p style=\"text-align: left;\"><span style=\"font-size: 14pt; color: #3366ff;\">rozwija\u0142o p\u0142ynno\u015b\u0107 ruch\u00f3w oraz zwi\u0119ksza\u0142o<\/span><\/p><p style=\"text-align: left;\"><span style=\"font-size: 14pt; color: #3366ff;\">poczucie w\u0142asnej warto\u015bci.<\/span><\/p><p style=\"text-align: left;\"><span style=\"font-size: 14pt; color: #3366ff;\">Sta\u0142o si\u0119 okazj\u0105 do wspania\u0142ej zabawy,<\/span><\/p><p style=\"text-align: left;\"><span style=\"font-size: 14pt; color: #3366ff;\">daj\u0105c wiele satysfakcji i rado\u015bci dzieciom.<\/span><\/p><p><a href=\"https:\/\/flic.kr\/s\/aHsmVugCXE\" target=\"_blank\" rel=\"noopener\">ZDJ\u0118CIA<\/a><\/p>\t\t\t\t\t\t<\/div>\n\t\t\t\t<\/div>\n\t\t\t\t\t<\/div>\n\t\t<\/div>\n\t\t\t\t\t\t\t<\/div>\n\t\t<\/section>\n\t\t\t\t\t\t<\/div>\n\t\t\t\t\t<\/div>\n\t\t","protected":false},"excerpt":{"rendered":"<p>Kszta\u0142towanie u dzieci\u00a0Umiej\u0119tno\u015bci Uniwersalnych\u00a0w ramach projektu skupi\u0142y\u015bmy na po\u0142\u0105czenie wszystkich typ\u00f3w ekspresji dzieci\u0119cej: plastycznej, s\u0142ownej, muzycznej i ruchowej, np.: w \u015bpiewie, mowie, ge\u015bcie, ruchu. Zabawy w teatr, b\u0119d\u0105cy z natury rzeczy syntez\u0105 sztuk, wykorzystuje wszystkie \u015brodki wyrazu artystycznego charakterystyczne dla r\u00f3\u017cnych rodzaj\u00f3w tw\u00f3rczo\u015bci. Zabawy te wywieraj\u0105 du\u017cy wp\u0142yw na postawy [&hellip;]<\/p>\n","protected":false},"author":1,"featured_media":0,"parent":2074,"menu_order":0,"comment_status":"closed","ping_status":"closed","template":"","meta":{"ngg_post_thumbnail":0,"footnotes":""},"_links":{"self":[{"href":"https:\/\/pp8.kluczbork.pl\/index.php?rest_route=\/wp\/v2\/pages\/2090"}],"collection":[{"href":"https:\/\/pp8.kluczbork.pl\/index.php?rest_route=\/wp\/v2\/pages"}],"about":[{"href":"https:\/\/pp8.kluczbork.pl\/index.php?rest_route=\/wp\/v2\/types\/page"}],"author":[{"embeddable":true,"href":"https:\/\/pp8.kluczbork.pl\/index.php?rest_route=\/wp\/v2\/users\/1"}],"replies":[{"embeddable":true,"href":"https:\/\/pp8.kluczbork.pl\/index.php?rest_route=%2Fwp%2Fv2%2Fcomments&post=2090"}],"version-history":[{"count":7,"href":"https:\/\/pp8.kluczbork.pl\/index.php?rest_route=\/wp\/v2\/pages\/2090\/revisions"}],"predecessor-version":[{"id":2097,"href":"https:\/\/pp8.kluczbork.pl\/index.php?rest_route=\/wp\/v2\/pages\/2090\/revisions\/2097"}],"up":[{"embeddable":true,"href":"https:\/\/pp8.kluczbork.pl\/index.php?rest_route=\/wp\/v2\/pages\/2074"}],"wp:attachment":[{"href":"https:\/\/pp8.kluczbork.pl\/index.php?rest_route=%2Fwp%2Fv2%2Fmedia&parent=2090"}],"curies":[{"name":"wp","href":"https:\/\/api.w.org\/{rel}","templated":true}]}}