{"id":2085,"date":"2022-04-10T13:20:18","date_gmt":"2022-04-10T13:20:18","guid":{"rendered":"https:\/\/pp8.kluczbork.pl\/?page_id=2085"},"modified":"2022-04-10T13:20:52","modified_gmt":"2022-04-10T13:20:52","slug":"zajecia-logopedyczne","status":"publish","type":"page","link":"https:\/\/pp8.kluczbork.pl\/?page_id=2085","title":{"rendered":"Zaj\u0119cia Logopedyczne"},"content":{"rendered":"\t\t<div data-elementor-type=\"wp-page\" data-elementor-id=\"2085\" class=\"elementor elementor-2085\" data-elementor-settings=\"[]\">\n\t\t\t\t\t\t\t<div class=\"elementor-section-wrap\">\n\t\t\t\t\t\t\t<section class=\"elementor-section elementor-top-section elementor-element elementor-element-a0983da elementor-section-boxed elementor-section-height-default elementor-section-height-default\" data-id=\"a0983da\" data-element_type=\"section\">\n\t\t\t\t\t\t<div class=\"elementor-container elementor-column-gap-default\">\n\t\t\t\t\t<div class=\"elementor-column elementor-col-100 elementor-top-column elementor-element elementor-element-f0fb842\" data-id=\"f0fb842\" data-element_type=\"column\">\n\t\t\t<div class=\"elementor-widget-wrap elementor-element-populated\">\n\t\t\t\t\t\t\t\t<div class=\"elementor-element elementor-element-95ffbb8 elementor-widget elementor-widget-text-editor\" data-id=\"95ffbb8\" data-element_type=\"widget\" data-widget_type=\"text-editor.default\">\n\t\t\t\t<div class=\"elementor-widget-container\">\n\t\t\t\t\t\t\t\t<p><span style=\"font-size: 14pt;\">W ramach Projektu dzieci z naszego przedszkola obj\u0119te<\/span><\/p><p><span style=\"font-size: 14pt;\">by\u0142y dodatkowymi zaj\u0119ciami logopedycznymi.<\/span><\/p><p><span style=\"font-size: 14pt;\">Zaj\u0119cia prowadzone by\u0142y w formie zabawy w grupach 2-3 osobowych.<\/span><\/p><p><span style=\"font-size: 14pt;\">I mia\u0142y na celu:<\/span><\/p><p><span style=\"font-size: 14pt;\">&#8211; usprawnianie funkcji warunkuj\u0105cych prawid\u0142owy<\/span><\/p><p><span style=\"font-size: 14pt;\">przebieg nauki mowy i m\u00f3wienia;<\/span><\/p><p><span style=\"font-size: 14pt;\">&#8211; stymulowanie procesu nabywania kompetencji i j\u0119zykowych;<\/span><\/p><p><span style=\"font-size: 14pt;\">&#8211; usuwanie zak\u0142\u00f3ce\u0144 i zaburze\u0144 komunikacji j\u0119zykowej;<\/span><\/p><p><span style=\"font-size: 14pt;\">&#8211; pomoc w przezwyci\u0119\u017caniu trudno\u015bci zwi\u0105zanych z m\u00f3wieniem i rozumieniem mowy;<\/span><\/p><p><span style=\"font-size: 14pt;\">&#8211; prowadzenie \u0107wicze\u0144 kszta\u0142tuj\u0105cych prawid\u0142ow\u0105 mow\u0119.<\/span><\/p><p>\u00a0<a href=\"https:\/\/flic.kr\/s\/aHsmVuef46\" target=\"_blank\" rel=\"noopener\">ZDJ\u0118CIA<\/a><\/p>\t\t\t\t\t\t<\/div>\n\t\t\t\t<\/div>\n\t\t\t\t\t<\/div>\n\t\t<\/div>\n\t\t\t\t\t\t\t<\/div>\n\t\t<\/section>\n\t\t\t\t\t\t<\/div>\n\t\t\t\t\t<\/div>\n\t\t","protected":false},"excerpt":{"rendered":"<p>W ramach Projektu dzieci z naszego przedszkola obj\u0119te by\u0142y dodatkowymi zaj\u0119ciami logopedycznymi. Zaj\u0119cia prowadzone by\u0142y w formie zabawy w grupach 2-3 osobowych. I mia\u0142y na celu: &#8211; usprawnianie funkcji warunkuj\u0105cych prawid\u0142owy przebieg nauki mowy i m\u00f3wienia; &#8211; stymulowanie procesu nabywania kompetencji i j\u0119zykowych; &#8211; usuwanie zak\u0142\u00f3ce\u0144 i zaburze\u0144 komunikacji j\u0119zykowej; [&hellip;]<\/p>\n","protected":false},"author":1,"featured_media":0,"parent":2074,"menu_order":0,"comment_status":"closed","ping_status":"closed","template":"","meta":{"ngg_post_thumbnail":0,"footnotes":""},"_links":{"self":[{"href":"https:\/\/pp8.kluczbork.pl\/index.php?rest_route=\/wp\/v2\/pages\/2085"}],"collection":[{"href":"https:\/\/pp8.kluczbork.pl\/index.php?rest_route=\/wp\/v2\/pages"}],"about":[{"href":"https:\/\/pp8.kluczbork.pl\/index.php?rest_route=\/wp\/v2\/types\/page"}],"author":[{"embeddable":true,"href":"https:\/\/pp8.kluczbork.pl\/index.php?rest_route=\/wp\/v2\/users\/1"}],"replies":[{"embeddable":true,"href":"https:\/\/pp8.kluczbork.pl\/index.php?rest_route=%2Fwp%2Fv2%2Fcomments&post=2085"}],"version-history":[{"count":4,"href":"https:\/\/pp8.kluczbork.pl\/index.php?rest_route=\/wp\/v2\/pages\/2085\/revisions"}],"predecessor-version":[{"id":2089,"href":"https:\/\/pp8.kluczbork.pl\/index.php?rest_route=\/wp\/v2\/pages\/2085\/revisions\/2089"}],"up":[{"embeddable":true,"href":"https:\/\/pp8.kluczbork.pl\/index.php?rest_route=\/wp\/v2\/pages\/2074"}],"wp:attachment":[{"href":"https:\/\/pp8.kluczbork.pl\/index.php?rest_route=%2Fwp%2Fv2%2Fmedia&parent=2085"}],"curies":[{"name":"wp","href":"https:\/\/api.w.org\/{rel}","templated":true}]}}