{"id":2059,"date":"2022-03-14T07:12:49","date_gmt":"2022-03-14T07:12:49","guid":{"rendered":"https:\/\/pp8.kluczbork.pl\/?page_id=2059"},"modified":"2025-03-26T15:37:40","modified_gmt":"2025-03-26T15:37:40","slug":"kontakt","status":"publish","type":"page","link":"https:\/\/pp8.kluczbork.pl\/?page_id=2059","title":{"rendered":"Kontakt"},"content":{"rendered":"<p><a href=\"https:\/\/pp8.kluczbork.pl\/wp-login.php?redirect_to=https%3A%2F%2Fpp8.kluczbork.pl%2Fwp-admin%2F&amp;reauth=1\">Zaloguj si\u0119<\/a><\/p>\n<p><span style=\"color: #ff0000;\"><strong>Publiczne Przedszkole nr 8<br \/>\n<\/strong><\/span><span style=\"color: #ff0000;\"><strong>im. Kubusia Puchatka w Kluczborku<br \/>\n<\/strong><\/span><span style=\"color: #ff0000;\"><strong>z Oddzia\u0142ami Zamiejscowymi<br \/>\n<\/strong><\/span><span style=\"color: #ff0000;\"><strong>w Ligocie G\u00f3rnej i Smardach G\u00f3rnych<br \/>\n<\/strong><\/span><span style=\"color: #ff0000;\"><strong>ul Ossowskiego 3 i<br \/>\n<\/strong><\/span><span style=\"color: #ff0000;\"><strong>46-200 Kluczbork<\/strong><\/span><\/p>\n<p style=\"font-weight: 400;\"><strong>Godziny otwarcia:<\/strong><\/p>\n<ul style=\"font-weight: 400;\">\n<li>Kluczbork: 6:00 \u2013 17:00; ul. Ossowskiego 3i, tel. 77&nbsp;418 29 65<\/li>\n<li>Ligota G\u00f3rna: 6:30 \u2013 16:00; ul. Gorzowska 4; tel. 77 418 20 32<\/li>\n<li>Smardy G\u00f3rne: 7:00 \u2013 16:00; ul. Ko\u015bcielna 10, tel. 77 413 71 20<\/li>\n<\/ul>\n<p>&#8230;&#8230;&#8230;&#8230;&#8230;&#8230;&#8230;&#8230;&#8230;&#8230;&#8230;&#8230;&#8230;&#8230;&#8230;&#8230;&#8230;&#8230;&#8230;&#8230;&#8230;&#8230;&#8230;&#8230;&#8230;.<\/p>\n<p><strong>KONTO \u2013 OP\u0141ATY ZA PRZEDSZKOLE:<\/strong><\/p>\n<div class=\"dd-article\">\n<p><strong>23 1240 3464 1111 0010 7747 3526<\/strong><\/p>\n<p>\u2026\u2026\u2026\u2026\u2026\u2026\u2026\u2026\u2026\u2026\u2026\u2026\u2026\u2026\u2026\u2026\u2026\u2026\u2026\u2026\u2026\u2026\u2026\u2026\u2026\u2026\u2026\u2026\u2026\u2026.<\/p>\n<p><strong>KONTO \u2013 OP\u0141ATY NA RAD\u0118 RODZIC\u00d3W:<\/strong><\/p>\n<p><strong>97 1240 1662 1111 0010 8744 5520<\/strong><\/p>\n<\/div>\n","protected":false},"excerpt":{"rendered":"<p>Zaloguj si\u0119 Publiczne Przedszkole nr 8 im. Kubusia Puchatka w Kluczborku z Oddzia\u0142ami Zamiejscowymi w Ligocie G\u00f3rnej i Smardach G\u00f3rnych ul Ossowskiego 3 i 46-200 Kluczbork Godziny otwarcia: Kluczbork: 6:00 \u2013 17:00; ul. Ossowskiego 3i, tel. 77&nbsp;418 29 65 Ligota G\u00f3rna: 6:30 \u2013 16:00; ul. Gorzowska 4; tel. 77 418 [&hellip;]<\/p>\n","protected":false},"author":1,"featured_media":0,"parent":0,"menu_order":0,"comment_status":"closed","ping_status":"closed","template":"","meta":{"ngg_post_thumbnail":0,"footnotes":""},"_links":{"self":[{"href":"https:\/\/pp8.kluczbork.pl\/index.php?rest_route=\/wp\/v2\/pages\/2059"}],"collection":[{"href":"https:\/\/pp8.kluczbork.pl\/index.php?rest_route=\/wp\/v2\/pages"}],"about":[{"href":"https:\/\/pp8.kluczbork.pl\/index.php?rest_route=\/wp\/v2\/types\/page"}],"author":[{"embeddable":true,"href":"https:\/\/pp8.kluczbork.pl\/index.php?rest_route=\/wp\/v2\/users\/1"}],"replies":[{"embeddable":true,"href":"https:\/\/pp8.kluczbork.pl\/index.php?rest_route=%2Fwp%2Fv2%2Fcomments&post=2059"}],"version-history":[{"count":6,"href":"https:\/\/pp8.kluczbork.pl\/index.php?rest_route=\/wp\/v2\/pages\/2059\/revisions"}],"predecessor-version":[{"id":5440,"href":"https:\/\/pp8.kluczbork.pl\/index.php?rest_route=\/wp\/v2\/pages\/2059\/revisions\/5440"}],"wp:attachment":[{"href":"https:\/\/pp8.kluczbork.pl\/index.php?rest_route=%2Fwp%2Fv2%2Fmedia&parent=2059"}],"curies":[{"name":"wp","href":"https:\/\/api.w.org\/{rel}","templated":true}]}}