{"id":2044,"date":"2022-03-14T07:10:10","date_gmt":"2022-03-14T07:10:10","guid":{"rendered":"https:\/\/pp8.kluczbork.pl\/?page_id=2044"},"modified":"2022-11-03T15:27:04","modified_gmt":"2022-11-03T15:27:04","slug":"dokumenty","status":"publish","type":"page","link":"https:\/\/pp8.kluczbork.pl\/?page_id=2044","title":{"rendered":"Dokumenty"},"content":{"rendered":"<div class=\"dd-article\">\n<p>&nbsp;<\/p>\n<p><strong><span style=\"font-size: 14pt;\">Dokumenty do Pobrania:<\/span><\/strong><\/p>\n<p><span style=\"font-size: 14pt;\"><a href=\"https:\/\/archiwum.pp8.kluczbork.pl\/index.php\/upowaznienie\/2126-upowaznienie\">Upowa\u017cnienia do odbioru dziecka<\/a><\/span><\/p>\n<p><span style=\"font-size: 14pt;\"><a href=\"https:\/\/archiwum.pp8.kluczbork.pl\/index.php\/upowaznienie\/2134-zgoda-na-udzial-w-religii-dzieci-6-letnie\">Zgoda rodzic\u00f3w do udzia\u0142u w zaj\u0119ciach z religii<\/a><\/span><\/p>\n<p><span style=\"font-size: 14pt;\"><a href=\"https:\/\/archiwum.pp8.kluczbork.pl\/index.php\/upowaznienie\/2127-zgoda-dane-osobowe\">Zgoda Rodzic\u00f3w na przetwarzanie danych osobowych przez Przedszkole<\/a><\/span><\/p>\n<p>&nbsp;<\/p>\n<\/div>\n","protected":false},"excerpt":{"rendered":"<p>&nbsp; Dokumenty do Pobrania: Upowa\u017cnienia do odbioru dziecka Zgoda rodzic\u00f3w do udzia\u0142u w zaj\u0119ciach z religii Zgoda Rodzic\u00f3w na przetwarzanie danych osobowych przez Przedszkole &nbsp;<\/p>\n","protected":false},"author":1,"featured_media":0,"parent":0,"menu_order":0,"comment_status":"closed","ping_status":"closed","template":"","meta":{"ngg_post_thumbnail":0,"footnotes":""},"_links":{"self":[{"href":"https:\/\/pp8.kluczbork.pl\/index.php?rest_route=\/wp\/v2\/pages\/2044"}],"collection":[{"href":"https:\/\/pp8.kluczbork.pl\/index.php?rest_route=\/wp\/v2\/pages"}],"about":[{"href":"https:\/\/pp8.kluczbork.pl\/index.php?rest_route=\/wp\/v2\/types\/page"}],"author":[{"embeddable":true,"href":"https:\/\/pp8.kluczbork.pl\/index.php?rest_route=\/wp\/v2\/users\/1"}],"replies":[{"embeddable":true,"href":"https:\/\/pp8.kluczbork.pl\/index.php?rest_route=%2Fwp%2Fv2%2Fcomments&post=2044"}],"version-history":[{"count":5,"href":"https:\/\/pp8.kluczbork.pl\/index.php?rest_route=\/wp\/v2\/pages\/2044\/revisions"}],"predecessor-version":[{"id":3301,"href":"https:\/\/pp8.kluczbork.pl\/index.php?rest_route=\/wp\/v2\/pages\/2044\/revisions\/3301"}],"wp:attachment":[{"href":"https:\/\/pp8.kluczbork.pl\/index.php?rest_route=%2Fwp%2Fv2%2Fmedia&parent=2044"}],"curies":[{"name":"wp","href":"https:\/\/api.w.org\/{rel}","templated":true}]}}